{"id":2,"date":"2021-05-18T17:03:01","date_gmt":"2021-05-18T17:03:01","guid":{"rendered":"https:\/\/immuniversitaet.de\/?page_id=2"},"modified":"2021-06-25T20:57:41","modified_gmt":"2021-06-25T20:57:41","slug":"sample-page","status":"publish","type":"page","link":"https:\/\/immuniversitaet.de\/","title":{"rendered":"Immuniversit\u00e4t"},"content":{"rendered":"\n<p class=\"has-text-align-center\"><strong>Willkommen in unserer digitalen WG!&nbsp;<\/strong><\/p>\n\n\n\n<p class=\"has-text-align-center\">Ob Du Tipps f\u00fcrs Home-Office suchst, Hilfe beim Zubereiten eines schnellen Mittagessens zwischen Zoomsitzungen oder Yoga-\u00dcbungen zur Entspannung nach einem langen Arbeitstag: hier findest Du verschiedene Beitr\u00e4ge und Ideen, um Deinen <strong>digitalen Alltag <\/strong>in der Pandemie zu gestalten. Komm herein, leiste uns Gesellschaft, st\u00f6bere durch unsere\u00a0<strong>Zimmer<\/strong>\u00a0und lass Dich <strong>inspirieren<\/strong> \u2013 ganz ohne Ansteckungsgefahr!\u00a0<\/p>\n\n\n\n<div class=\"wp-block-columns alignwide is-layout-flex wp-container-core-columns-is-layout-9d6595d7 wp-block-columns-is-layout-flex\">\n<div class=\"wp-block-column is-layout-flow wp-block-column-is-layout-flow\">\n<figure class=\"wp-block-image size-large\"><a href=\"https:\/\/immuniversitaet.de\/index.php\/wg-zimmer\/wohnzimmer\/\"><img loading=\"lazy\" decoding=\"async\" width=\"1024\" height=\"683\" src=\"https:\/\/immuniversitaet.de\/wp-content\/uploads\/2021\/06\/home-edit-1024x683.png\" alt=\"\" class=\"wp-image-1176\" srcset=\"https:\/\/immuniversitaet.de\/wp-content\/uploads\/2021\/06\/home-edit-1024x683.png 1024w, https:\/\/immuniversitaet.de\/wp-content\/uploads\/2021\/06\/home-edit-300x200.png 300w, https:\/\/immuniversitaet.de\/wp-content\/uploads\/2021\/06\/home-edit-768x512.png 768w, https:\/\/immuniversitaet.de\/wp-content\/uploads\/2021\/06\/home-edit-1536x1024.png 1536w, https:\/\/immuniversitaet.de\/wp-content\/uploads\/2021\/06\/home-edit-1200x800.png 1200w, https:\/\/immuniversitaet.de\/wp-content\/uploads\/2021\/06\/home-edit.png 1920w\" sizes=\"auto, (max-width: 1024px) 100vw, 1024px\" \/><\/a><\/figure>\n\n\n\n<h2 class=\"wp-block-heading\">Wohnzimmer<\/h2>\n\n\n\n<p class=\"has-larger-font-size\">Yoga- und Atem\u00fcbungen, Playlists<\/p>\n\n\n\n<div class=\"wp-block-button alignleft is-style-outline is-style-outline--1\"><a class=\"wp-block-button__link\" href=\"https:\/\/immuniversitaet.de\/index.php\/wohnzimmer\/\">Read More<\/a><\/div>\n<\/div>\n\n\n\n<div class=\"wp-block-column is-layout-flow wp-block-column-is-layout-flow\">\n<figure class=\"wp-block-image size-large size-full\"><a href=\"https:\/\/immuniversitaet.de\/index.php\/kueche\/\"><img loading=\"lazy\" decoding=\"async\" width=\"1024\" height=\"678\" src=\"https:\/\/immuniversitaet.de\/wp-content\/uploads\/2021\/06\/tomaten-edit-1024x678.png\" alt=\"\" class=\"wp-image-1177\" srcset=\"https:\/\/immuniversitaet.de\/wp-content\/uploads\/2021\/06\/tomaten-edit-1024x678.png 1024w, https:\/\/immuniversitaet.de\/wp-content\/uploads\/2021\/06\/tomaten-edit-300x199.png 300w, https:\/\/immuniversitaet.de\/wp-content\/uploads\/2021\/06\/tomaten-edit-768x508.png 768w, https:\/\/immuniversitaet.de\/wp-content\/uploads\/2021\/06\/tomaten-edit-1536x1017.png 1536w, https:\/\/immuniversitaet.de\/wp-content\/uploads\/2021\/06\/tomaten-edit-1200x794.png 1200w, https:\/\/immuniversitaet.de\/wp-content\/uploads\/2021\/06\/tomaten-edit.png 1920w\" sizes=\"auto, (max-width: 1024px) 100vw, 1024px\" \/><\/a><\/figure>\n\n\n\n<h2 class=\"wp-block-heading\">WG-K\u00fcche<\/h2>\n\n\n\n<p class=\"has-larger-font-size\">Cooking @ Home<\/p>\n\n\n\n<div class=\"wp-block-button alignleft is-style-outline is-style-outline--2\"><a class=\"wp-block-button__link\" href=\"https:\/\/immuniversitaet.de\/index.php\/kueche\/\">Read More<\/a><\/div>\n<\/div>\n<\/div>\n\n\n\n<div class=\"wp-block-columns alignwide is-layout-flex wp-container-core-columns-is-layout-9d6595d7 wp-block-columns-is-layout-flex\">\n<div class=\"wp-block-column is-layout-flow wp-block-column-is-layout-flow\">\n<figure class=\"wp-block-image size-large\"><a href=\"https:\/\/immuniversitaet.de\/index.php\/balkon\/\"><img loading=\"lazy\" decoding=\"async\" width=\"1024\" height=\"678\" src=\"https:\/\/immuniversitaet.de\/wp-content\/uploads\/2021\/06\/blumen-edit-1024x678.png\" alt=\"\" class=\"wp-image-1178\" srcset=\"https:\/\/immuniversitaet.de\/wp-content\/uploads\/2021\/06\/blumen-edit-1024x678.png 1024w, https:\/\/immuniversitaet.de\/wp-content\/uploads\/2021\/06\/blumen-edit-300x199.png 300w, https:\/\/immuniversitaet.de\/wp-content\/uploads\/2021\/06\/blumen-edit-768x508.png 768w, https:\/\/immuniversitaet.de\/wp-content\/uploads\/2021\/06\/blumen-edit-1536x1017.png 1536w, https:\/\/immuniversitaet.de\/wp-content\/uploads\/2021\/06\/blumen-edit-1200x794.png 1200w, https:\/\/immuniversitaet.de\/wp-content\/uploads\/2021\/06\/blumen-edit.png 1920w\" sizes=\"auto, (max-width: 1024px) 100vw, 1024px\" \/><\/a><\/figure>\n\n\n\n<h2 class=\"wp-block-heading\">Balkon<\/h2>\n\n\n\n<p class=\"has-larger-font-size\">Digitale Komfortzone<\/p>\n\n\n\n<div class=\"wp-block-button alignleft is-style-outline is-style-outline--3\"><a class=\"wp-block-button__link\" href=\"https:\/\/immuniversitaet.de\/index.php\/balkon\/\">Read More<\/a><\/div>\n<\/div>\n\n\n\n<div class=\"wp-block-column is-layout-flow wp-block-column-is-layout-flow\">\n<figure class=\"wp-block-image size-large size-full\"><a href=\"https:\/\/immuniversitaet.de\/index.php\/schlafzimmer\/\"><img loading=\"lazy\" decoding=\"async\" width=\"1024\" height=\"683\" src=\"https:\/\/immuniversitaet.de\/wp-content\/uploads\/2021\/06\/coffee-edit-1024x683.png\" alt=\"\" class=\"wp-image-1180\" srcset=\"https:\/\/immuniversitaet.de\/wp-content\/uploads\/2021\/06\/coffee-edit-1024x683.png 1024w, https:\/\/immuniversitaet.de\/wp-content\/uploads\/2021\/06\/coffee-edit-300x200.png 300w, https:\/\/immuniversitaet.de\/wp-content\/uploads\/2021\/06\/coffee-edit-768x512.png 768w, https:\/\/immuniversitaet.de\/wp-content\/uploads\/2021\/06\/coffee-edit-1536x1024.png 1536w, https:\/\/immuniversitaet.de\/wp-content\/uploads\/2021\/06\/coffee-edit-1200x800.png 1200w, https:\/\/immuniversitaet.de\/wp-content\/uploads\/2021\/06\/coffee-edit.png 1920w\" sizes=\"auto, (max-width: 1024px) 100vw, 1024px\" \/><\/a><\/figure>\n\n\n\n<h2 class=\"wp-block-heading\">Schlafzimmer<\/h2>\n\n\n\n<p class=\"has-larger-font-size\">Grenzen setzen &#8211; So geht Feierabend!<\/p>\n\n\n\n<div class=\"wp-block-button alignleft is-style-outline is-style-outline--4\"><a class=\"wp-block-button__link\" href=\"https:\/\/immuniversitaet.de\/index.php\/schlafzimmer\/\">Read More<\/a><\/div>\n<\/div>\n<\/div>\n\n\n\n<div class=\"wp-block-columns alignwide is-layout-flex wp-container-core-columns-is-layout-9d6595d7 wp-block-columns-is-layout-flex\">\n<div class=\"wp-block-column is-layout-flow wp-block-column-is-layout-flow\">\n<figure class=\"wp-block-image size-large\"><a href=\"https:\/\/immuniversitaet.de\/index.php\/arbeitszimmer\/\"><img loading=\"lazy\" decoding=\"async\" width=\"1024\" height=\"683\" src=\"https:\/\/immuniversitaet.de\/wp-content\/uploads\/2021\/06\/schreibmaschine-edit-1024x683.png\" alt=\"\" class=\"wp-image-1182\" srcset=\"https:\/\/immuniversitaet.de\/wp-content\/uploads\/2021\/06\/schreibmaschine-edit-1024x683.png 1024w, https:\/\/immuniversitaet.de\/wp-content\/uploads\/2021\/06\/schreibmaschine-edit-300x200.png 300w, https:\/\/immuniversitaet.de\/wp-content\/uploads\/2021\/06\/schreibmaschine-edit-768x512.png 768w, https:\/\/immuniversitaet.de\/wp-content\/uploads\/2021\/06\/schreibmaschine-edit-1536x1024.png 1536w, https:\/\/immuniversitaet.de\/wp-content\/uploads\/2021\/06\/schreibmaschine-edit-1200x800.png 1200w, https:\/\/immuniversitaet.de\/wp-content\/uploads\/2021\/06\/schreibmaschine-edit.png 1920w\" sizes=\"auto, (max-width: 1024px) 100vw, 1024px\" \/><\/a><\/figure>\n\n\n\n<h2 class=\"wp-block-heading\">Arbeitszimmer<\/h2>\n\n\n\n<p class=\"has-larger-font-size\">Home-Uni-Office, Den Arbeitsplatz f\u00fcr mehr Produktivit\u00e4t einrichten<\/p>\n\n\n\n<div class=\"wp-block-button alignleft is-style-outline is-style-outline--5\"><a class=\"wp-block-button__link\" href=\"https:\/\/immuniversitaet.de\/index.php\/arbeitszimmer\/\">Read More<\/a><\/div>\n<\/div>\n\n\n\n<div class=\"wp-block-column is-layout-flow wp-block-column-is-layout-flow\">\n<figure class=\"wp-block-image size-large size-full\"><a href=\"https:\/\/immuniversitaet.de\/index.php\/werkstatt\/\"><img loading=\"lazy\" decoding=\"async\" width=\"1024\" height=\"683\" src=\"https:\/\/immuniversitaet.de\/wp-content\/uploads\/2021\/06\/pinsel-edit-1024x683.png\" alt=\"\" class=\"wp-image-1181\" srcset=\"https:\/\/immuniversitaet.de\/wp-content\/uploads\/2021\/06\/pinsel-edit-1024x683.png 1024w, https:\/\/immuniversitaet.de\/wp-content\/uploads\/2021\/06\/pinsel-edit-300x200.png 300w, https:\/\/immuniversitaet.de\/wp-content\/uploads\/2021\/06\/pinsel-edit-768x512.png 768w, https:\/\/immuniversitaet.de\/wp-content\/uploads\/2021\/06\/pinsel-edit-1536x1025.png 1536w, https:\/\/immuniversitaet.de\/wp-content\/uploads\/2021\/06\/pinsel-edit-1200x801.png 1200w, https:\/\/immuniversitaet.de\/wp-content\/uploads\/2021\/06\/pinsel-edit.png 1920w\" sizes=\"auto, (max-width: 1024px) 100vw, 1024px\" \/><\/a><\/figure>\n\n\n\n<h2 class=\"wp-block-heading\">Kreative Werkstatt<\/h2>\n\n\n\n<p class=\"has-larger-font-size\">Creative Care WIP<\/p>\n\n\n\n<div class=\"wp-block-button alignleft is-style-outline is-style-outline--6\"><a class=\"wp-block-button__link\" href=\"https:\/\/immuniversitaet.de\/index.php\/werkstatt\/\">Read More<\/a><\/div>\n<\/div>\n<\/div>\n\n\n\n<p><\/p>\n","protected":false},"excerpt":{"rendered":"<p>Willkommen in unserer digitalen WG!&nbsp; Ob Du Tipps f\u00fcrs Home-Office suchst, Hilfe beim Zubereiten eines schnellen Mittagessens zwischen Zoomsitzungen oder Yoga-\u00dcbungen zur Entspannung nach einem langen Arbeitstag: hier findest Du verschiedene Beitr\u00e4ge und Ideen, um Deinen digitalen Alltag in der Pandemie zu gestalten. Komm herein, leiste uns Gesellschaft, st\u00f6bere durch unsere\u00a0Zimmer\u00a0und lass Dich inspirieren \u2013 [&hellip;]<\/p>\n","protected":false},"author":1,"featured_media":0,"parent":0,"menu_order":0,"comment_status":"closed","ping_status":"closed","template":"","meta":{"footnotes":""},"class_list":["post-2","page","type-page","status-publish","hentry"],"_links":{"self":[{"href":"https:\/\/immuniversitaet.de\/index.php\/wp-json\/wp\/v2\/pages\/2","targetHints":{"allow":["GET"]}}],"collection":[{"href":"https:\/\/immuniversitaet.de\/index.php\/wp-json\/wp\/v2\/pages"}],"about":[{"href":"https:\/\/immuniversitaet.de\/index.php\/wp-json\/wp\/v2\/types\/page"}],"author":[{"embeddable":true,"href":"https:\/\/immuniversitaet.de\/index.php\/wp-json\/wp\/v2\/users\/1"}],"replies":[{"embeddable":true,"href":"https:\/\/immuniversitaet.de\/index.php\/wp-json\/wp\/v2\/comments?post=2"}],"version-history":[{"count":49,"href":"https:\/\/immuniversitaet.de\/index.php\/wp-json\/wp\/v2\/pages\/2\/revisions"}],"predecessor-version":[{"id":1279,"href":"https:\/\/immuniversitaet.de\/index.php\/wp-json\/wp\/v2\/pages\/2\/revisions\/1279"}],"wp:attachment":[{"href":"https:\/\/immuniversitaet.de\/index.php\/wp-json\/wp\/v2\/media?parent=2"}],"curies":[{"name":"wp","href":"https:\/\/api.w.org\/{rel}","templated":true}]}}