{"id":202,"date":"2021-06-14T16:16:22","date_gmt":"2021-06-14T16:16:22","guid":{"rendered":"https:\/\/immuniversitaet.de\/?page_id=202"},"modified":"2021-06-25T08:59:13","modified_gmt":"2021-06-25T08:59:13","slug":"wg-zimmer","status":"publish","type":"page","link":"https:\/\/immuniversitaet.de\/index.php\/wg-zimmer\/","title":{"rendered":"WG-Zimmer"},"content":{"rendered":"\n<p>Hier findest Du eine \u00dcbersicht aller Projektbeitr\u00e4ge.<\/p>\n\n\n\n<h2 class=\"wp-block-heading\"><a href=\"https:\/\/immuniversitaet.de\/index.php\/wg-zimmer\/wohnzimmer\/\" data-type=\"page\" data-id=\"204\">Wohnzimmer<\/a><\/h2>\n\n\n\n<p><a href=\"https:\/\/immuniversitaet.de\/index.php\/sample-page\/stay-at-home-yoga-und-atemubungen\/\" data-type=\"page\" data-id=\"104\">Stay at Home: Yoga- und Atem\u00fcbungen<\/a><\/p>\n\n\n\n<p><a href=\"https:\/\/immuniversitaet.de\/index.php\/playlisting\/\" data-type=\"page\" data-id=\"42\">Playlist-Lounge<\/a><\/p>\n\n\n\n<h2 class=\"wp-block-heading\"><a href=\"https:\/\/immuniversitaet.de\/index.php\/kueche\/\" data-type=\"page\" data-id=\"205\">WG-K\u00fcche<\/a><\/h2>\n\n\n\n<p><a href=\"https:\/\/immuniversitaet.de\/index.php\/cooking-home\/\" data-type=\"page\" data-id=\"30\">Cooking @ Home<\/a><\/p>\n\n\n\n<h2 class=\"wp-block-heading\"><a href=\"https:\/\/immuniversitaet.de\/index.php\/balkon\/\" data-type=\"page\" data-id=\"206\">Balkon<\/a><\/h2>\n\n\n\n<p><a href=\"https:\/\/immuniversitaet.de\/index.php\/digital-comfort-zone-billotest\/\" data-type=\"page\" data-id=\"61\">Digitale Komfortzone<\/a><\/p>\n\n\n\n<h2 class=\"wp-block-heading\"><a href=\"https:\/\/immuniversitaet.de\/index.php\/schlafzimmer\/\" data-type=\"page\" data-id=\"208\">Schlafzimmer<\/a><\/h2>\n\n\n\n<p><a href=\"https:\/\/immuniversitaet.de\/index.php\/grenzen-setzen\/\" data-type=\"page\" data-id=\"45\">Grenzen setzen<\/a><\/p>\n\n\n\n<h2 class=\"wp-block-heading\"><a href=\"https:\/\/immuniversitaet.de\/index.php\/arbeitszimmer\/\" data-type=\"page\" data-id=\"207\">Arbeitszimmer<\/a><\/h2>\n\n\n\n<p><a href=\"https:\/\/immuniversitaet.de\/index.php\/49-2\/\" data-type=\"page\" data-id=\"49\">Den Arbeitsplatz f\u00fcr mehr Produktivit\u00e4t einrichten<\/a><\/p>\n\n\n\n<p><a href=\"https:\/\/immuniversitaet.de\/index.php\/arbeitszimmer\/home-uni-office\/\" data-type=\"page\" data-id=\"24\">Home Uni Office<\/a><\/p>\n\n\n\n<h2 class=\"wp-block-heading\"><a href=\"https:\/\/immuniversitaet.de\/index.php\/werkstatt\/\" data-type=\"page\" data-id=\"209\">Kreative Werkstatt<\/a><\/h2>\n\n\n\n<p><a href=\"https:\/\/immuniversitaet.de\/index.php\/creative-care-work-in-progress\/\" data-type=\"page\" data-id=\"407\">Creative Care WIP<\/a><\/p>\n","protected":false},"excerpt":{"rendered":"<p>Hier findest Du eine \u00dcbersicht aller Projektbeitr\u00e4ge. Wohnzimmer Stay at Home: Yoga- und Atem\u00fcbungen Playlist-Lounge WG-K\u00fcche Cooking @ Home Balkon Digitale Komfortzone Schlafzimmer Grenzen setzen Arbeitszimmer Den Arbeitsplatz f\u00fcr mehr Produktivit\u00e4t einrichten Home Uni Office Kreative Werkstatt Creative Care WIP<\/p>\n","protected":false},"author":9,"featured_media":0,"parent":0,"menu_order":0,"comment_status":"closed","ping_status":"closed","template":"","meta":{"footnotes":""},"class_list":["post-202","page","type-page","status-publish","hentry"],"_links":{"self":[{"href":"https:\/\/immuniversitaet.de\/index.php\/wp-json\/wp\/v2\/pages\/202","targetHints":{"allow":["GET"]}}],"collection":[{"href":"https:\/\/immuniversitaet.de\/index.php\/wp-json\/wp\/v2\/pages"}],"about":[{"href":"https:\/\/immuniversitaet.de\/index.php\/wp-json\/wp\/v2\/types\/page"}],"author":[{"embeddable":true,"href":"https:\/\/immuniversitaet.de\/index.php\/wp-json\/wp\/v2\/users\/9"}],"replies":[{"embeddable":true,"href":"https:\/\/immuniversitaet.de\/index.php\/wp-json\/wp\/v2\/comments?post=202"}],"version-history":[{"count":13,"href":"https:\/\/immuniversitaet.de\/index.php\/wp-json\/wp\/v2\/pages\/202\/revisions"}],"predecessor-version":[{"id":1231,"href":"https:\/\/immuniversitaet.de\/index.php\/wp-json\/wp\/v2\/pages\/202\/revisions\/1231"}],"wp:attachment":[{"href":"https:\/\/immuniversitaet.de\/index.php\/wp-json\/wp\/v2\/media?parent=202"}],"curies":[{"name":"wp","href":"https:\/\/api.w.org\/{rel}","templated":true}]}}