{"id":204,"date":"2021-06-14T16:16:22","date_gmt":"2021-06-14T16:16:22","guid":{"rendered":"https:\/\/immuniversitaet.de\/?page_id=204"},"modified":"2021-06-25T12:59:39","modified_gmt":"2021-06-25T12:59:39","slug":"wohnzimmer","status":"publish","type":"page","link":"https:\/\/immuniversitaet.de\/index.php\/wg-zimmer\/wohnzimmer\/","title":{"rendered":"Wohnzimmer"},"content":{"rendered":"\n<p>Willkommen und hereinspaziert in das Herzst\u00fcck unserer WG! Hier kommen wir zusammen, entspannen, diskutieren, h\u00f6ren zu, h\u00f6ren hin, genie\u00dfen den Tag &#8211; sprich: hier findet das Leben statt!<br>Zwei Dinge, die euren Tag noch sch\u00f6ner machen, findet ihr hier. Zuerst Yoga und dann Musik. Oder zuerst Musik und dann Yoga. Oder beides gleichzeitig? Probiert es aus und habt Spa\u00df dabei \ud83d\ude42<\/p>\n\n\n\n<div class=\"wp-block-columns alignwide is-layout-flex wp-container-core-columns-is-layout-9d6595d7 wp-block-columns-is-layout-flex\">\n<div class=\"wp-block-column is-layout-flow wp-block-column-is-layout-flow\">\n<figure class=\"wp-block-image size-large\"><a href=\"https:\/\/immuniversitaet.de\/index.php\/sample-page\/stay-at-home-yoga-und-atemubungen\/\"><img loading=\"lazy\" decoding=\"async\" width=\"815\" height=\"514\" src=\"https:\/\/immuniversitaet.de\/wp-content\/uploads\/2021\/06\/Kindspose-2.png\" alt=\"\" class=\"wp-image-267\" srcset=\"https:\/\/immuniversitaet.de\/wp-content\/uploads\/2021\/06\/Kindspose-2.png 815w, https:\/\/immuniversitaet.de\/wp-content\/uploads\/2021\/06\/Kindspose-2-300x189.png 300w, https:\/\/immuniversitaet.de\/wp-content\/uploads\/2021\/06\/Kindspose-2-768x484.png 768w\" sizes=\"auto, (max-width: 815px) 100vw, 815px\" \/><\/a><\/figure>\n\n\n\n<h2 class=\"wp-block-heading\">Stay at Home: Yoga- und Atem\u00fcbungen<\/h2>\n\n\n\n<div class=\"wp-block-button alignleft is-style-outline is-style-outline--1\"><a class=\"wp-block-button__link\" href=\"https:\/\/immuniversitaet.de\/index.php\/sample-page\/stay-at-home-yoga-und-atemubungen\/\">Read More<\/a><\/div>\n<\/div>\n\n\n\n<div class=\"wp-block-column is-layout-flow wp-block-column-is-layout-flow\">\n<figure class=\"wp-block-image size-large size-full\"><a href=\"https:\/\/immuniversitaet.de\/index.php\/playlisting\/\"><img loading=\"lazy\" decoding=\"async\" width=\"1024\" height=\"683\" src=\"https:\/\/immuniversitaet.de\/wp-content\/uploads\/2021\/06\/music-edit-1024x683.png\" alt=\"\" class=\"wp-image-1192\" srcset=\"https:\/\/immuniversitaet.de\/wp-content\/uploads\/2021\/06\/music-edit-1024x683.png 1024w, https:\/\/immuniversitaet.de\/wp-content\/uploads\/2021\/06\/music-edit-300x200.png 300w, https:\/\/immuniversitaet.de\/wp-content\/uploads\/2021\/06\/music-edit-768x512.png 768w, https:\/\/immuniversitaet.de\/wp-content\/uploads\/2021\/06\/music-edit-1536x1024.png 1536w, https:\/\/immuniversitaet.de\/wp-content\/uploads\/2021\/06\/music-edit-2048x1365.png 2048w, https:\/\/immuniversitaet.de\/wp-content\/uploads\/2021\/06\/music-edit-1200x800.png 1200w, https:\/\/immuniversitaet.de\/wp-content\/uploads\/2021\/06\/music-edit-1980x1320.png 1980w\" sizes=\"auto, (max-width: 1024px) 100vw, 1024px\" \/><\/a><\/figure>\n\n\n\n<h2 class=\"wp-block-heading\">Playlist Lounge<\/h2>\n\n\n\n<div class=\"wp-block-button alignleft is-style-outline is-style-outline--2\"><a class=\"wp-block-button__link\" href=\"https:\/\/immuniversitaet.de\/index.php\/playlisting\/\">Read More<\/a><\/div>\n<\/div>\n<\/div>\n\n\n\n<p><\/p>\n","protected":false},"excerpt":{"rendered":"<p>Willkommen und hereinspaziert in das Herzst\u00fcck unserer WG! Hier kommen wir zusammen, entspannen, diskutieren, h\u00f6ren zu, h\u00f6ren hin, genie\u00dfen den Tag &#8211; sprich: hier findet das Leben statt!Zwei Dinge, die euren Tag noch sch\u00f6ner machen, findet ihr hier. Zuerst Yoga und dann Musik. Oder zuerst Musik und dann Yoga. Oder beides gleichzeitig? Probiert es aus [&hellip;]<\/p>\n","protected":false},"author":9,"featured_media":0,"parent":202,"menu_order":0,"comment_status":"closed","ping_status":"closed","template":"","meta":{"footnotes":""},"class_list":["post-204","page","type-page","status-publish","hentry"],"_links":{"self":[{"href":"https:\/\/immuniversitaet.de\/index.php\/wp-json\/wp\/v2\/pages\/204","targetHints":{"allow":["GET"]}}],"collection":[{"href":"https:\/\/immuniversitaet.de\/index.php\/wp-json\/wp\/v2\/pages"}],"about":[{"href":"https:\/\/immuniversitaet.de\/index.php\/wp-json\/wp\/v2\/types\/page"}],"author":[{"embeddable":true,"href":"https:\/\/immuniversitaet.de\/index.php\/wp-json\/wp\/v2\/users\/9"}],"replies":[{"embeddable":true,"href":"https:\/\/immuniversitaet.de\/index.php\/wp-json\/wp\/v2\/comments?post=204"}],"version-history":[{"count":13,"href":"https:\/\/immuniversitaet.de\/index.php\/wp-json\/wp\/v2\/pages\/204\/revisions"}],"predecessor-version":[{"id":1275,"href":"https:\/\/immuniversitaet.de\/index.php\/wp-json\/wp\/v2\/pages\/204\/revisions\/1275"}],"up":[{"embeddable":true,"href":"https:\/\/immuniversitaet.de\/index.php\/wp-json\/wp\/v2\/pages\/202"}],"wp:attachment":[{"href":"https:\/\/immuniversitaet.de\/index.php\/wp-json\/wp\/v2\/media?parent=204"}],"curies":[{"name":"wp","href":"https:\/\/api.w.org\/{rel}","templated":true}]}}