{"id":207,"date":"2021-06-14T16:16:22","date_gmt":"2021-06-14T16:16:22","guid":{"rendered":"https:\/\/immuniversitaet.de\/?page_id=207"},"modified":"2021-06-25T12:56:19","modified_gmt":"2021-06-25T12:56:19","slug":"arbeitszimmer","status":"publish","type":"page","link":"https:\/\/immuniversitaet.de\/index.php\/arbeitszimmer\/","title":{"rendered":"Arbeitszimmer"},"content":{"rendered":"\n<p>Willkommen in unserem Arbeitszimmer \u2013 das Zentrum des Home Office. Lass Dich auf Deinen Stuhl fallen, hol Dir noch einen Kaffee: Hier findest Du Beitr\u00e4ge \u00fcber Einrichtungsm\u00f6glichkeiten eines Arbeitsplatzes, und kannst \u00fcber die Vor- und Nachteile digitaler Universit\u00e4tsstrukturen nachlesen.<\/p>\n\n\n\n<div class=\"wp-block-columns alignwide is-layout-flex wp-container-core-columns-is-layout-9d6595d7 wp-block-columns-is-layout-flex\">\n<div class=\"wp-block-column is-layout-flow wp-block-column-is-layout-flow\">\n<figure class=\"wp-block-image size-large\"><a href=\"https:\/\/immuniversitaet.de\/index.php\/49-2\/\"><img loading=\"lazy\" decoding=\"async\" width=\"1024\" height=\"683\" src=\"https:\/\/immuniversitaet.de\/wp-content\/uploads\/2021\/06\/IMG_0359-1024x683.jpg\" alt=\"Schreibtisch, Computer, Lautsprecher und Kaffeetasse\" class=\"wp-image-560\" srcset=\"https:\/\/immuniversitaet.de\/wp-content\/uploads\/2021\/06\/IMG_0359-1024x683.jpg 1024w, https:\/\/immuniversitaet.de\/wp-content\/uploads\/2021\/06\/IMG_0359-300x200.jpg 300w, https:\/\/immuniversitaet.de\/wp-content\/uploads\/2021\/06\/IMG_0359-768x513.jpg 768w, https:\/\/immuniversitaet.de\/wp-content\/uploads\/2021\/06\/IMG_0359-1536x1025.jpg 1536w, https:\/\/immuniversitaet.de\/wp-content\/uploads\/2021\/06\/IMG_0359-2048x1367.jpg 2048w, https:\/\/immuniversitaet.de\/wp-content\/uploads\/2021\/06\/IMG_0359-1200x801.jpg 1200w, https:\/\/immuniversitaet.de\/wp-content\/uploads\/2021\/06\/IMG_0359-1980x1321.jpg 1980w\" sizes=\"auto, (max-width: 1024px) 100vw, 1024px\" \/><\/a><\/figure>\n\n\n\n<h2 class=\"wp-block-heading\">Den Arbeitsplatz f\u00fcr mehr Produktivit\u00e4t einrichten<\/h2>\n\n\n\n<div class=\"wp-block-button alignleft is-style-outline is-style-outline--1\"><a class=\"wp-block-button__link\" href=\"https:\/\/immuniversitaet.de\/index.php\/49-2\/\">Read More<\/a><\/div>\n<\/div>\n\n\n\n<div class=\"wp-block-column is-layout-flow wp-block-column-is-layout-flow\">\n<figure class=\"wp-block-image size-large size-full\"><a href=\"https:\/\/immuniversitaet.de\/index.php\/arbeitszimmer\/home-uni-office\/\"><img loading=\"lazy\" decoding=\"async\" width=\"1024\" height=\"683\" src=\"https:\/\/immuniversitaet.de\/wp-content\/uploads\/2021\/05\/laptop-336378_1920-1024x683.jpg\" alt=\"\" class=\"wp-image-25\" srcset=\"https:\/\/immuniversitaet.de\/wp-content\/uploads\/2021\/05\/laptop-336378_1920-1024x683.jpg 1024w, https:\/\/immuniversitaet.de\/wp-content\/uploads\/2021\/05\/laptop-336378_1920-300x200.jpg 300w, https:\/\/immuniversitaet.de\/wp-content\/uploads\/2021\/05\/laptop-336378_1920-768x512.jpg 768w, https:\/\/immuniversitaet.de\/wp-content\/uploads\/2021\/05\/laptop-336378_1920-1536x1024.jpg 1536w, https:\/\/immuniversitaet.de\/wp-content\/uploads\/2021\/05\/laptop-336378_1920-1568x1045.jpg 1568w, https:\/\/immuniversitaet.de\/wp-content\/uploads\/2021\/05\/laptop-336378_1920.jpg 1920w\" sizes=\"auto, (max-width: 1024px) 100vw, 1024px\" \/><\/a><\/figure>\n\n\n\n<h2 class=\"wp-block-heading\">Home Uni Office<\/h2>\n\n\n\n<div class=\"wp-block-button alignleft is-style-outline is-style-outline--2\"><a class=\"wp-block-button__link\" href=\"https:\/\/immuniversitaet.de\/index.php\/arbeitszimmer\/home-uni-office\/\">Read More<\/a><\/div>\n<\/div>\n<\/div>\n\n\n\n<p><\/p>\n","protected":false},"excerpt":{"rendered":"<p>Willkommen in unserem Arbeitszimmer \u2013 das Zentrum des Home Office. Lass Dich auf Deinen Stuhl fallen, hol Dir noch einen Kaffee: Hier findest Du Beitr\u00e4ge \u00fcber Einrichtungsm\u00f6glichkeiten eines Arbeitsplatzes, und kannst \u00fcber die Vor- und Nachteile digitaler Universit\u00e4tsstrukturen nachlesen. Den Arbeitsplatz f\u00fcr mehr Produktivit\u00e4t einrichten Home Uni Office<\/p>\n","protected":false},"author":9,"featured_media":0,"parent":0,"menu_order":0,"comment_status":"closed","ping_status":"closed","template":"","meta":{"footnotes":""},"class_list":["post-207","page","type-page","status-publish","hentry"],"_links":{"self":[{"href":"https:\/\/immuniversitaet.de\/index.php\/wp-json\/wp\/v2\/pages\/207","targetHints":{"allow":["GET"]}}],"collection":[{"href":"https:\/\/immuniversitaet.de\/index.php\/wp-json\/wp\/v2\/pages"}],"about":[{"href":"https:\/\/immuniversitaet.de\/index.php\/wp-json\/wp\/v2\/types\/page"}],"author":[{"embeddable":true,"href":"https:\/\/immuniversitaet.de\/index.php\/wp-json\/wp\/v2\/users\/9"}],"replies":[{"embeddable":true,"href":"https:\/\/immuniversitaet.de\/index.php\/wp-json\/wp\/v2\/comments?post=207"}],"version-history":[{"count":27,"href":"https:\/\/immuniversitaet.de\/index.php\/wp-json\/wp\/v2\/pages\/207\/revisions"}],"predecessor-version":[{"id":1269,"href":"https:\/\/immuniversitaet.de\/index.php\/wp-json\/wp\/v2\/pages\/207\/revisions\/1269"}],"wp:attachment":[{"href":"https:\/\/immuniversitaet.de\/index.php\/wp-json\/wp\/v2\/media?parent=207"}],"curies":[{"name":"wp","href":"https:\/\/api.w.org\/{rel}","templated":true}]}}