{"id":24,"date":"2021-05-20T15:06:16","date_gmt":"2021-05-20T15:06:16","guid":{"rendered":"https:\/\/immuniversitaet.de\/?page_id=24"},"modified":"2021-06-27T17:01:05","modified_gmt":"2021-06-27T17:01:05","slug":"home-uni-office","status":"publish","type":"page","link":"https:\/\/immuniversitaet.de\/index.php\/arbeitszimmer\/home-uni-office\/","title":{"rendered":"Home Uni Office"},"content":{"rendered":"\n<h3 class=\"wp-block-heading\">Zwischen neugewonnener Produktivit\u00e4t und sozialer Einsamkeit: Welche entscheidenden Vorteile bringen uns die digitalen Universit\u00e4tsstrukturen und wo birgt es Gefahren in sich?<\/h3>\n\n\n\n<div class=\"wp-block-columns is-layout-flex wp-container-core-columns-is-layout-9d6595d7 wp-block-columns-is-layout-flex\">\n<div class=\"wp-block-column is-layout-flow wp-block-column-is-layout-flow\">\n<div class=\"wp-block-columns is-layout-flex wp-container-core-columns-is-layout-9d6595d7 wp-block-columns-is-layout-flex\">\n<div class=\"wp-block-column is-layout-flow wp-block-column-is-layout-flow\" style=\"flex-basis:33.33%\">\n<p>Zeit ist Geld &#8211; und Geld ist Zeit? Mein Wunsch war es mein Masterstudium noch unbedingt fertig machen zu k\u00f6nnen. Andererseits bot sich f\u00fcr mich schon die Gelegenheit f\u00fcr einen Job. <\/p>\n<\/div>\n\n\n\n<div class=\"wp-block-column is-layout-flow wp-block-column-is-layout-flow\" style=\"flex-basis:66.66%\">\n<figure class=\"wp-block-image size-large\"><img loading=\"lazy\" decoding=\"async\" width=\"2560\" height=\"1920\" src=\"https:\/\/immuniversitaet.de\/wp-content\/uploads\/2021\/06\/money-edited-scaled.jpg\" alt=\"\" class=\"wp-image-1291\" srcset=\"https:\/\/immuniversitaet.de\/wp-content\/uploads\/2021\/06\/money-edited-scaled.jpg 2560w, https:\/\/immuniversitaet.de\/wp-content\/uploads\/2021\/06\/money-edited-300x225.jpg 300w, https:\/\/immuniversitaet.de\/wp-content\/uploads\/2021\/06\/money-edited-1024x768.jpg 1024w, https:\/\/immuniversitaet.de\/wp-content\/uploads\/2021\/06\/money-edited-768x576.jpg 768w, https:\/\/immuniversitaet.de\/wp-content\/uploads\/2021\/06\/money-edited-1536x1152.jpg 1536w, https:\/\/immuniversitaet.de\/wp-content\/uploads\/2021\/06\/money-edited-2048x1536.jpg 2048w, https:\/\/immuniversitaet.de\/wp-content\/uploads\/2021\/06\/money-edited-1200x900.jpg 1200w, https:\/\/immuniversitaet.de\/wp-content\/uploads\/2021\/06\/money-edited-1980x1485.jpg 1980w\" sizes=\"auto, (max-width: 2560px) 100vw, 2560px\" \/><figcaption>Eigene Darstellung<\/figcaption><\/figure>\n<\/div>\n<\/div>\n<\/div>\n<\/div>\n\n\n\n<p>Musikwissenschaft l\u00e4sst sich nun aber nicht berufsbegleitend studieren. Die Pr\u00e4senzzeit unter der Woche wird vorausgesetzt &#8211; zurecht, denn das Studium ist eben nicht auf flexible Modelle ausgerichtet. Mir ist da vor allem bewusst geworden wie wertvoll Zeit ist, wenn man sie nicht mehr so unbegrenzt zur Verf\u00fcgung hat. Die digitale Universit\u00e4tsl\u00f6ung aufgrund des Pandemieproblems kam mir in dem Fall gerade recht. Denn so hatte ich auf einmal die M\u00f6glichkeit beides unter einen Hut zu bekommen. Im Job sind die Strukturen aufgrund von Home Office viel flexibler und so konnte ich mir in den digitalen Semestern beides gut einteilen. Vor allem Aspekte wie Wegzeit fallen weg, wenn man eben schon quasi gleichzeitig im Office und in der Univorlesung sitzt. <\/p>\n\n\n\n<div class=\"wp-block-columns is-layout-flex wp-container-core-columns-is-layout-9d6595d7 wp-block-columns-is-layout-flex\">\n<div class=\"wp-block-column is-layout-flow wp-block-column-is-layout-flow\" style=\"flex-basis:66.66%\">\n<figure class=\"wp-block-image size-large is-resized\"><img loading=\"lazy\" decoding=\"async\" src=\"https:\/\/immuniversitaet.de\/wp-content\/uploads\/2021\/05\/macro-1452987_1920-1024x668.jpg\" alt=\"\" class=\"wp-image-27\" width=\"402\" height=\"262\" srcset=\"https:\/\/immuniversitaet.de\/wp-content\/uploads\/2021\/05\/macro-1452987_1920-1024x668.jpg 1024w, https:\/\/immuniversitaet.de\/wp-content\/uploads\/2021\/05\/macro-1452987_1920-300x196.jpg 300w, https:\/\/immuniversitaet.de\/wp-content\/uploads\/2021\/05\/macro-1452987_1920-768x501.jpg 768w, https:\/\/immuniversitaet.de\/wp-content\/uploads\/2021\/05\/macro-1452987_1920-1536x1002.jpg 1536w, https:\/\/immuniversitaet.de\/wp-content\/uploads\/2021\/05\/macro-1452987_1920-1568x1022.jpg 1568w, https:\/\/immuniversitaet.de\/wp-content\/uploads\/2021\/05\/macro-1452987_1920.jpg 1920w\" sizes=\"auto, (max-width: 402px) 100vw, 402px\" \/><\/figure>\n<\/div>\n\n\n\n<div class=\"wp-block-column is-layout-flow wp-block-column-is-layout-flow\" style=\"flex-basis:33.33%\">\n<p>Ich habe das Gef\u00fchl mit meiner Strategie unglaublich effizient zu sein. Ich habe zwar insgesamt weniger Zeit f\u00fcr Freizeit, aber das kommt einem in dieser Sondersituation fast gar nicht so schlimm vor.<\/p>\n<\/div>\n<\/div>\n\n\n\n<p>Vieles kann man momentan ja leider noch nicht machen. Es stellt sich jedoch die Frage, ob dies auch weiterhin so gut funktionieren w\u00fcrde, wenn nun alles digital bliebe &#8211; wahrscheinlich nicht! Ich finde es eben doch schade, dass ich meine KommilitonInnen bisher nur \u00fcber den Bildschirm gesehen habe. Viele soziale Strukturen und den damit verbundenen Gespr\u00e4chen, die momentan fast nie stattfinden, fallen eben weg. Und genauso wie es schwer ist Zuhause zu arbeiten, da die Grenzen zwischen Arbeits- und Freizeit verschwimmen, ist es nat\u00fcrlich umso schwerer, wenn dann noch die Arbeit f\u00fcr die Uni anf\u00e4llt. Das erfordert Disziplin und ein gutes Zeitmanagement.  <\/p>\n\n\n\n<div class=\"wp-block-image\"><figure class=\"aligncenter size-large is-resized\"><img loading=\"lazy\" decoding=\"async\" src=\"https:\/\/immuniversitaet.de\/wp-content\/uploads\/2021\/06\/me-769x1024.jpg\" alt=\"\" class=\"wp-image-1292\" width=\"209\" height=\"278\" srcset=\"https:\/\/immuniversitaet.de\/wp-content\/uploads\/2021\/06\/me-769x1024.jpg 769w, https:\/\/immuniversitaet.de\/wp-content\/uploads\/2021\/06\/me-225x300.jpg 225w, https:\/\/immuniversitaet.de\/wp-content\/uploads\/2021\/06\/me-768x1022.jpg 768w, https:\/\/immuniversitaet.de\/wp-content\/uploads\/2021\/06\/me-1154x1536.jpg 1154w, https:\/\/immuniversitaet.de\/wp-content\/uploads\/2021\/06\/me-1539x2048.jpg 1539w, https:\/\/immuniversitaet.de\/wp-content\/uploads\/2021\/06\/me-1200x1597.jpg 1200w, https:\/\/immuniversitaet.de\/wp-content\/uploads\/2021\/06\/me-1980x2635.jpg 1980w, https:\/\/immuniversitaet.de\/wp-content\/uploads\/2021\/06\/me-scaled.jpg 1923w\" sizes=\"auto, (max-width: 209px) 100vw, 209px\" \/><figcaption>Eigene Darstellung<\/figcaption><\/figure><\/div>\n\n\n\n<p>Um im ganzen Home Uni Office nicht den Kopf zu verlieren, ist es vor allem wichtig: <\/p>\n\n\n\n<ul class=\"wp-block-list\"><li>sich einen Arbeitsplatz zu schaffen, an dem man gut arbeiten kann (s. Beitrag &#8222;Den Arbeitsplatz f\u00fcr mehr Produktivit\u00e4t einrichten&#8220;)<\/li><li>sich ausreichend zu bewegen und auch mal vor die T\u00fcr zu kommen<\/li><li>sich bewusste Pausen f\u00fcr Entspannung einzubauen<\/li><li>sich zu strukturieren und sich mit Hilfsmitteln wie Listen zu helfen<\/li><\/ul>\n\n\n\n<figure class=\"wp-block-gallery columns-3 is-cropped wp-block-gallery-1 is-layout-flex wp-block-gallery-is-layout-flex\"><ul class=\"blocks-gallery-grid\"><li class=\"blocks-gallery-item\"><figure><img loading=\"lazy\" decoding=\"async\" width=\"768\" height=\"1024\" src=\"https:\/\/immuniversitaet.de\/wp-content\/uploads\/2021\/06\/Julia_HO-768x1024.jpg\" alt=\"\" data-id=\"1294\" data-full-url=\"https:\/\/immuniversitaet.de\/wp-content\/uploads\/2021\/06\/Julia_HO-scaled.jpg\" data-link=\"https:\/\/immuniversitaet.de\/index.php\/arbeitszimmer\/home-uni-office\/julia_ho\/\" class=\"wp-image-1294\" srcset=\"https:\/\/immuniversitaet.de\/wp-content\/uploads\/2021\/06\/Julia_HO-768x1024.jpg 768w, https:\/\/immuniversitaet.de\/wp-content\/uploads\/2021\/06\/Julia_HO-225x300.jpg 225w, https:\/\/immuniversitaet.de\/wp-content\/uploads\/2021\/06\/Julia_HO-1152x1536.jpg 1152w, https:\/\/immuniversitaet.de\/wp-content\/uploads\/2021\/06\/Julia_HO-1536x2048.jpg 1536w, https:\/\/immuniversitaet.de\/wp-content\/uploads\/2021\/06\/Julia_HO-1200x1600.jpg 1200w, https:\/\/immuniversitaet.de\/wp-content\/uploads\/2021\/06\/Julia_HO-1980x2640.jpg 1980w, https:\/\/immuniversitaet.de\/wp-content\/uploads\/2021\/06\/Julia_HO-scaled.jpg 1920w\" sizes=\"auto, (max-width: 768px) 100vw, 768px\" \/><\/figure><\/li><li class=\"blocks-gallery-item\"><figure><img loading=\"lazy\" decoding=\"async\" width=\"750\" height=\"834\" src=\"https:\/\/immuniversitaet.de\/wp-content\/uploads\/2021\/06\/sport.jpg\" alt=\"\" data-id=\"1297\" data-full-url=\"https:\/\/immuniversitaet.de\/wp-content\/uploads\/2021\/06\/sport.jpg\" data-link=\"https:\/\/immuniversitaet.de\/index.php\/arbeitszimmer\/home-uni-office\/sport\/\" class=\"wp-image-1297\" srcset=\"https:\/\/immuniversitaet.de\/wp-content\/uploads\/2021\/06\/sport.jpg 750w, https:\/\/immuniversitaet.de\/wp-content\/uploads\/2021\/06\/sport-270x300.jpg 270w\" sizes=\"auto, (max-width: 750px) 100vw, 750px\" \/><\/figure><\/li><li class=\"blocks-gallery-item\"><figure><img loading=\"lazy\" decoding=\"async\" width=\"750\" height=\"423\" src=\"https:\/\/immuniversitaet.de\/wp-content\/uploads\/2021\/06\/sofa.jpg\" alt=\"\" data-id=\"1293\" data-full-url=\"https:\/\/immuniversitaet.de\/wp-content\/uploads\/2021\/06\/sofa.jpg\" data-link=\"https:\/\/immuniversitaet.de\/index.php\/arbeitszimmer\/home-uni-office\/sofa\/\" class=\"wp-image-1293\" srcset=\"https:\/\/immuniversitaet.de\/wp-content\/uploads\/2021\/06\/sofa.jpg 750w, https:\/\/immuniversitaet.de\/wp-content\/uploads\/2021\/06\/sofa-300x169.jpg 300w\" sizes=\"auto, (max-width: 750px) 100vw, 750px\" \/><\/figure><\/li><li class=\"blocks-gallery-item\"><figure><img loading=\"lazy\" decoding=\"async\" width=\"1024\" height=\"768\" src=\"https:\/\/immuniversitaet.de\/wp-content\/uploads\/2021\/06\/todo-scaled-e1624459568467-1024x768.jpg\" alt=\"\" data-id=\"843\" data-link=\"https:\/\/immuniversitaet.de\/?attachment_id=843\" class=\"wp-image-843\" srcset=\"https:\/\/immuniversitaet.de\/wp-content\/uploads\/2021\/06\/todo-scaled-e1624459568467-1024x768.jpg 1024w, https:\/\/immuniversitaet.de\/wp-content\/uploads\/2021\/06\/todo-scaled-e1624459568467-300x225.jpg 300w, https:\/\/immuniversitaet.de\/wp-content\/uploads\/2021\/06\/todo-scaled-e1624459568467-768x576.jpg 768w, https:\/\/immuniversitaet.de\/wp-content\/uploads\/2021\/06\/todo-scaled-e1624459568467-1536x1152.jpg 1536w, https:\/\/immuniversitaet.de\/wp-content\/uploads\/2021\/06\/todo-scaled-e1624459568467-2048x1536.jpg 2048w, https:\/\/immuniversitaet.de\/wp-content\/uploads\/2021\/06\/todo-scaled-e1624459568467-1200x900.jpg 1200w, https:\/\/immuniversitaet.de\/wp-content\/uploads\/2021\/06\/todo-scaled-e1624459568467-1980x1485.jpg 1980w\" sizes=\"auto, (max-width: 1024px) 100vw, 1024px\" \/><\/figure><\/li><\/ul><figcaption class=\"blocks-gallery-caption\">Eigene Darstellungen<\/figcaption><\/figure>\n\n\n\n<p>Ich glaube dennoch, dass die digitalen Umstrukturierungen auch langfristig positive Effekte auf die universit\u00e4re Lehre und auch unser Studierendenleben haben kann. Es ist nat\u00fcrlich unumstritten, dass es Seminare gibt, die in der Pr\u00e4senz deutlich sinnvoller sind. Es gibt jedoch auch solche, die auch nach wie vor genauso mit einem digitalen Angebot funktionieren k\u00f6nnen.  <\/p>\n\n\n\n<div class=\"wp-block-image\"><figure class=\"aligncenter size-large is-resized\"><img decoding=\"async\" src=\"https:\/\/immuniversitaet.de\/wp-content\/uploads\/2021\/06\/uni-edited.jpg\" alt=\"\" class=\"wp-image-1296\" width=\"399\" srcset=\"https:\/\/immuniversitaet.de\/wp-content\/uploads\/2021\/06\/uni-edited.jpg 597w, https:\/\/immuniversitaet.de\/wp-content\/uploads\/2021\/06\/uni-edited-300x300.jpg 300w, https:\/\/immuniversitaet.de\/wp-content\/uploads\/2021\/06\/uni-edited-150x150.jpg 150w\" sizes=\"(max-width: 597px) 100vw, 597px\" \/><figcaption>Vorlesungen funktionieren ebenso digital und k\u00f6nnen somit auch flexibler und teilweise effektiver genutzt werden (Eigene Darstellung)<\/figcaption><\/figure><\/div>\n\n\n\n<p>Gerade gr\u00f6\u00dfere Vorlesungen k\u00f6nnte man einfach durch eine digitale Erweiterung nutzen. Aber nicht nur gro\u00dfe Vorlesungen k\u00f6nnte man auch digital anbieten, sondern auch kleinere Lehrveranstaltungen.<\/p>\n\n\n\n<div class=\"wp-block-columns is-layout-flex wp-container-core-columns-is-layout-9d6595d7 wp-block-columns-is-layout-flex\">\n<div class=\"wp-block-column is-layout-flow wp-block-column-is-layout-flow\" style=\"flex-basis:66.66%\">\n<p>Durch die Pandemie sah sich die Universit\u00e4t zwar gezwungen auch in der Digitalisierung einige Schritte zu gehen, jedoch ist dieses Konzept teilweise nur auf kurzfristige Zeit ausgelegt. Die Lehrr\u00e4ume m\u00fcssten f\u00fcr einen langfristigen Fortschritt angepasst werden. <\/p>\n<\/div>\n\n\n\n<div class=\"wp-block-column is-layout-flow wp-block-column-is-layout-flow\" style=\"flex-basis:33.33%\">\n<figure class=\"wp-block-image size-large is-resized\"><img loading=\"lazy\" decoding=\"async\" src=\"https:\/\/immuniversitaet.de\/wp-content\/uploads\/2021\/06\/IMG_7608-1024x769.jpg\" alt=\"\" class=\"wp-image-1300\" width=\"315\" height=\"249\"\/><figcaption>Eigene Darstellung<\/figcaption><\/figure>\n<\/div>\n<\/div>\n\n\n\n<p>In diesem Semester wurden mit der Hoffnung auf baldige Lockerungen und den damit verbundenen \u00d6ffnungen zum Teil hybride Lehrveranstaltungen angeboten. Es w\u00e4re also m\u00f6glich sowohl pers\u00f6nlich an der Veranstaltung teilzunehmen, als auch digital. Die Lehrr\u00e4ume m\u00fcssten f\u00fcr einen langfristigen Fortschritt angepasst werden. In diesem Semester wurden mit der Hoffnung auf baldige Lockerungen und den damit verbundenen \u00d6ffnungen zum Teil hybride Lehrveranstaltungen angeboten. Es w\u00e4re also m\u00f6glich sowohl pers\u00f6nlich an der Veranstaltung teilzunehmen, als auch digital. Die Umsetzung gestaltete sich jedoch schwierig, da es f\u00fcr das Angebot zu wenig R\u00e4ume gibt, die den Anforderungen entsprechen k\u00f6nnen. Es bleibt spannend wie sich das kommende Wintersemester 2021\/2022 entwickelt. Nat\u00fcrlich h\u00e4ngen solche Entscheidungen auch vom Pandemiegeschehen ab &#8211; jedoch sollte so oder so ein realistisches alternatives Konzept stehen. Und die Frage, die wir uns folglich stellen: Wie geht es dann weiter und wie sieht die Universit\u00e4t der Zukunft aus?  <\/p>\n\n\n\n<figure class=\"wp-block-image size-large is-resized\"><img loading=\"lazy\" decoding=\"async\" src=\"https:\/\/immuniversitaet.de\/wp-content\/uploads\/2021\/06\/me2.jpg\" alt=\"\" class=\"wp-image-1298\" width=\"591\" height=\"337\"\/><figcaption>Eigene Darstellung<\/figcaption><\/figure>\n\n\n\n<p>Zusammenfassend ist zu sagen, dass uns die aktuelle Zeit gesellschaftlich auf mehreren Ebenen vor Herausforderungen stellt. Wir mussten alle unser Leben auf gewisse Art und Weise ver\u00e4ndern. Es stellt sich die Frage, wie diese Ver\u00e4nderung wiederum unser Leben nachhaltig beeinflusst. Was jedoch f\u00fcr mich feststeht: Auf Dauer m\u00f6chte ich nicht nur digital arbeiten und\/oder studieren, aber es gibt eben auch etwas dazwischen. Ich freue mich wieder meine Kolleg*innen und Kommoliton*innen zu treffen &#8211; andererseits w\u00fcnsche ich mir f\u00fcr alle Arbeitsbereiche mehr Flexibilit\u00e4t, die man m\u00f6glicherweise durch hybride Modelle bekommen kann.<\/p>\n\n\n\n<div class=\"wp-block-image is-style-rounded\"><figure class=\"aligncenter size-large is-resized\"><img loading=\"lazy\" decoding=\"async\" src=\"https:\/\/immuniversitaet.de\/wp-content\/uploads\/2021\/06\/Julia.jpg\" alt=\"\" class=\"wp-image-786\" width=\"296\" height=\"296\" srcset=\"https:\/\/immuniversitaet.de\/wp-content\/uploads\/2021\/06\/Julia.jpg 640w, https:\/\/immuniversitaet.de\/wp-content\/uploads\/2021\/06\/Julia-300x300.jpg 300w, https:\/\/immuniversitaet.de\/wp-content\/uploads\/2021\/06\/Julia-150x150.jpg 150w\" sizes=\"auto, (max-width: 296px) 100vw, 296px\" \/><\/figure><\/div>\n\n\n\n<figure class=\"wp-block-pullquote\"><blockquote><p>Masterstudentin der hist. Musikwissenschaft mit B.A. in Musikwisschenschaft und B.Sc. in BWL &#8211; arbeitet zus\u00e4tzlich als Performance Marketing Managerin in einer Werbeagentur. <\/p><cite>Julia <\/cite><\/blockquote><\/figure>\n","protected":false},"excerpt":{"rendered":"<p>Zwischen neugewonnener Produktivit\u00e4t und sozialer Einsamkeit: Welche entscheidenden Vorteile bringen uns die digitalen Universit\u00e4tsstrukturen und wo birgt es Gefahren in sich? Zeit ist Geld &#8211; und Geld ist Zeit? Mein Wunsch war es mein Masterstudium noch unbedingt fertig machen zu k\u00f6nnen. Andererseits bot sich f\u00fcr mich schon die Gelegenheit f\u00fcr einen Job. Musikwissenschaft l\u00e4sst sich [&hellip;]<\/p>\n","protected":false},"author":10,"featured_media":25,"parent":207,"menu_order":0,"comment_status":"closed","ping_status":"closed","template":"","meta":{"footnotes":""},"class_list":["post-24","page","type-page","status-publish","has-post-thumbnail","hentry"],"_links":{"self":[{"href":"https:\/\/immuniversitaet.de\/index.php\/wp-json\/wp\/v2\/pages\/24","targetHints":{"allow":["GET"]}}],"collection":[{"href":"https:\/\/immuniversitaet.de\/index.php\/wp-json\/wp\/v2\/pages"}],"about":[{"href":"https:\/\/immuniversitaet.de\/index.php\/wp-json\/wp\/v2\/types\/page"}],"author":[{"embeddable":true,"href":"https:\/\/immuniversitaet.de\/index.php\/wp-json\/wp\/v2\/users\/10"}],"replies":[{"embeddable":true,"href":"https:\/\/immuniversitaet.de\/index.php\/wp-json\/wp\/v2\/comments?post=24"}],"version-history":[{"count":13,"href":"https:\/\/immuniversitaet.de\/index.php\/wp-json\/wp\/v2\/pages\/24\/revisions"}],"predecessor-version":[{"id":1307,"href":"https:\/\/immuniversitaet.de\/index.php\/wp-json\/wp\/v2\/pages\/24\/revisions\/1307"}],"up":[{"embeddable":true,"href":"https:\/\/immuniversitaet.de\/index.php\/wp-json\/wp\/v2\/pages\/207"}],"wp:featuredmedia":[{"embeddable":true,"href":"https:\/\/immuniversitaet.de\/index.php\/wp-json\/wp\/v2\/media\/25"}],"wp:attachment":[{"href":"https:\/\/immuniversitaet.de\/index.php\/wp-json\/wp\/v2\/media?parent=24"}],"curies":[{"name":"wp","href":"https:\/\/api.w.org\/{rel}","templated":true}]}}