{"id":407,"date":"2021-06-24T20:36:10","date_gmt":"2021-06-24T20:36:10","guid":{"rendered":"https:\/\/immuniversitaet.de\/?page_id=407"},"modified":"2021-06-25T10:20:31","modified_gmt":"2021-06-25T10:20:31","slug":"creative-care-work-in-progress","status":"publish","type":"page","link":"https:\/\/immuniversitaet.de\/index.php\/creative-care-work-in-progress\/","title":{"rendered":"Creative Care &#8211; Work In Progress"},"content":{"rendered":"\n<p>Moin!<\/p>\n\n\n\n<p>\u2018Kreatives Chaos\u2019 \u2013 das beschreibt irgendwie mein Leben in Zeiten von Corona. Wenn es mir nicht gut geht, dann habe ich das Bed\u00fcrfnis, das irgendwie rauszulassen und meine Energie in etwas Sch\u00f6pferisches zu stecken. Aber auch wenn ich gute Laune habe, die Sonne scheint und die V\u00f6gel zwitschern, ist mir manchmal danach, mir die H\u00e4nde <em>schmutzig<\/em> oder zumindest <em>bunt<\/em> zu machen.<\/p>\n\n\n\n<p>Ich hatte schon lange die Idee, ein Spiel zu gestalten und angesichts der zunehmend geringer werdenden Kontaktbeschr\u00e4nkungen nun auch den perfekten Anlass, den Plan in die Tat umzusetzen. Vielleicht magst du selbst Karten-, Brett- oder Tabletop-Spiele? Dann wei\u00dft du sicherlich, dass so ein Regelwerk unfassbar viel Arbeit sein kann. Aber vielleicht steigen wir erst einmal leicht ein und konzentrieren uns auf ein simples Kartendeck? Ich spreche von 7, 8, 9, 10, Bube, Dame, K\u00f6nig, Ass \u2013 Kreuz, Herz, Piek und Karo!<\/p>\n\n\n\n<p>Du hast zwei linke H\u00e4nde? Voll egal! Du hast ein \u00e4sthetisches Empfinden, das sonst keiner mit dir teilt? Voll egal! Du bist der Meinung, nicht mit Picasso mithalten zu k\u00f6nnen? Voll egal! Es geht einzig und allein darum, Spa\u00df zu haben und den eigenen kreativen Fluss flie\u00dfen zu lassen. Es ist so wie das Leben: WIP \u2013 Work In Progress!<\/p>\n\n\n\n<p>Nun aber mal an die Arbeit!<\/p>\n\n\n\n<p>Man nehme:<\/p>\n\n\n\n<ul class=\"wp-block-list\"><li>Festes Papier oder Karton. Ich habe festes Aquarellpapier verwendet.<\/li><li>Einen Bleistift und einen Radiergummi f\u00fcr das Vorzeichnen und Verbessern.<\/li><li>Weiterhin: Stifte und Farben nach Wahl und Gestaltungswunsch.<\/li><\/ul>\n\n\n\n<p>Was tun?<\/p>\n\n\n\n<p>1. Schritt: Ich nehme das Papier und zeichne mithilfe einer alten Spielkarte die Umrisse der einzelnen Karten auf. Innerhalb dieser Linien werden wir arbeiten.<\/p>\n\n\n\n<p>Hast du schon eine Gestaltungsidee? Wie w\u00e4re es mit Tieren, Jahreszeiten oder Lebensmitteln? Film- und Literaturreferenzen, Portraits oder Fabelwesen?<\/p>\n\n\n\n<p>2. Schritt: Dann habe ich auf den jeweiligen Karten die Motive mit Bleistift skizziert. Das sch\u00f6ne am Bleistift ist, dass man alles mit Radiergummi wieder ausbessern kann. Das habe ich ganz sch\u00f6n oft machen m\u00fcssen \u2013 aber das geh\u00f6rt dazu!<\/p>\n\n\n\n<p>Vergiss die Zahlen und Buchstaben nicht \u2013 vielleicht zeichnest du sie besser zuerst auf?<\/p>\n\n\n\n<p>3. Schritt: Mein erstes Deck sollte tierisch sein! Daf\u00fcr habe ich auf die Herz-Karten Hunde gezeichnet. Der folgende Schritt ist nat\u00fcrlich optional, aber ich habe darauf geachtet, bei den Zahlen-Karten die ihnen entsprechende Anzahl an Herzen zu verwenden.<br>Die vorher mit Bleistift skizzierten Linien habe ich mit einem d\u00fcnnen, schwarzen Kugelschreiber und Finelinern nachgezogen.<\/p>\n\n\n\n<figure class=\"wp-block-image size-large\"><img loading=\"lazy\" decoding=\"async\" width=\"1024\" height=\"768\" src=\"https:\/\/immuniversitaet.de\/wp-content\/uploads\/2021\/06\/grafik-1024x768.png\" alt=\"\" class=\"wp-image-398\" srcset=\"https:\/\/immuniversitaet.de\/wp-content\/uploads\/2021\/06\/grafik-1024x768.png 1024w, https:\/\/immuniversitaet.de\/wp-content\/uploads\/2021\/06\/grafik-300x225.png 300w, https:\/\/immuniversitaet.de\/wp-content\/uploads\/2021\/06\/grafik-768x576.png 768w, https:\/\/immuniversitaet.de\/wp-content\/uploads\/2021\/06\/grafik-1536x1152.png 1536w, https:\/\/immuniversitaet.de\/wp-content\/uploads\/2021\/06\/grafik-2048x1536.png 2048w, https:\/\/immuniversitaet.de\/wp-content\/uploads\/2021\/06\/grafik-1200x900.png 1200w, https:\/\/immuniversitaet.de\/wp-content\/uploads\/2021\/06\/grafik-1980x1485.png 1980w\" sizes=\"auto, (max-width: 1024px) 100vw, 1024px\" \/><figcaption>private Aufnahme<\/figcaption><\/figure>\n\n\n\n<p>4. Schritt: Im n\u00e4chsten Schritt habe ich farbliche Akzente gesetzt. Traditionell sind Herzen rot. Aber nat\u00fcrlich sind der Kreativit\u00e4t keine Grenzen gesetzt.<\/p>\n\n\n\n<figure class=\"wp-block-image size-large\"><img loading=\"lazy\" decoding=\"async\" width=\"1024\" height=\"768\" src=\"https:\/\/immuniversitaet.de\/wp-content\/uploads\/2021\/06\/grafik-1-1024x768.png\" alt=\"\" class=\"wp-image-399\" srcset=\"https:\/\/immuniversitaet.de\/wp-content\/uploads\/2021\/06\/grafik-1-1024x768.png 1024w, https:\/\/immuniversitaet.de\/wp-content\/uploads\/2021\/06\/grafik-1-300x225.png 300w, https:\/\/immuniversitaet.de\/wp-content\/uploads\/2021\/06\/grafik-1-768x576.png 768w, https:\/\/immuniversitaet.de\/wp-content\/uploads\/2021\/06\/grafik-1-1536x1152.png 1536w, https:\/\/immuniversitaet.de\/wp-content\/uploads\/2021\/06\/grafik-1-2048x1536.png 2048w, https:\/\/immuniversitaet.de\/wp-content\/uploads\/2021\/06\/grafik-1-1200x900.png 1200w, https:\/\/immuniversitaet.de\/wp-content\/uploads\/2021\/06\/grafik-1-1980x1485.png 1980w\" sizes=\"auto, (max-width: 1024px) 100vw, 1024px\" \/><figcaption>private Aufnahme<\/figcaption><\/figure>\n\n\n\n<p>5. Schritt: Welches Motiv kommt nun? Meine Wahl fiel auf Piek und kleine gr\u00fcne Monster! Mein Favorit ist die 8 \ud83d\ude42<\/p>\n\n\n\n<figure class=\"wp-block-image size-large\"><img loading=\"lazy\" decoding=\"async\" width=\"1024\" height=\"768\" src=\"https:\/\/immuniversitaet.de\/wp-content\/uploads\/2021\/06\/grafik-2-1024x768.png\" alt=\"\" class=\"wp-image-400\" srcset=\"https:\/\/immuniversitaet.de\/wp-content\/uploads\/2021\/06\/grafik-2-1024x768.png 1024w, https:\/\/immuniversitaet.de\/wp-content\/uploads\/2021\/06\/grafik-2-300x225.png 300w, https:\/\/immuniversitaet.de\/wp-content\/uploads\/2021\/06\/grafik-2-768x576.png 768w, https:\/\/immuniversitaet.de\/wp-content\/uploads\/2021\/06\/grafik-2-1536x1152.png 1536w, https:\/\/immuniversitaet.de\/wp-content\/uploads\/2021\/06\/grafik-2-2048x1536.png 2048w, https:\/\/immuniversitaet.de\/wp-content\/uploads\/2021\/06\/grafik-2-1200x900.png 1200w, https:\/\/immuniversitaet.de\/wp-content\/uploads\/2021\/06\/grafik-2-1980x1485.png 1980w\" sizes=\"auto, (max-width: 1024px) 100vw, 1024px\" \/><figcaption>private Aufnahme<\/figcaption><\/figure>\n\n\n\n<p>6. Schritt: Beim n\u00e4chsten Deck fiel mir die thematische Entscheidung etwas schwer. Eigentlich wollte ich in die \u201amystische Ecke\u2018 gehen, was dabei herausgekommen ist, siehst du hier. Thema verfehlt? Keine Ahnung, aber Spa\u00df hat es trotzdem gemacht!<\/p>\n\n\n\n<figure class=\"wp-block-image size-large\"><img loading=\"lazy\" decoding=\"async\" width=\"1024\" height=\"768\" src=\"https:\/\/immuniversitaet.de\/wp-content\/uploads\/2021\/06\/grafik-3-1024x768.png\" alt=\"\" class=\"wp-image-402\" srcset=\"https:\/\/immuniversitaet.de\/wp-content\/uploads\/2021\/06\/grafik-3-1024x768.png 1024w, https:\/\/immuniversitaet.de\/wp-content\/uploads\/2021\/06\/grafik-3-300x225.png 300w, https:\/\/immuniversitaet.de\/wp-content\/uploads\/2021\/06\/grafik-3-768x576.png 768w, https:\/\/immuniversitaet.de\/wp-content\/uploads\/2021\/06\/grafik-3-1536x1152.png 1536w, https:\/\/immuniversitaet.de\/wp-content\/uploads\/2021\/06\/grafik-3-2048x1536.png 2048w, https:\/\/immuniversitaet.de\/wp-content\/uploads\/2021\/06\/grafik-3-1200x900.png 1200w, https:\/\/immuniversitaet.de\/wp-content\/uploads\/2021\/06\/grafik-3-1980x1485.png 1980w\" sizes=\"auto, (max-width: 1024px) 100vw, 1024px\" \/><figcaption>private Aufnahme<\/figcaption><\/figure>\n\n\n\n<p>7. Schritt: Nun zum letzten Kartendeck \u2013 was passt zum Kreuz-Motiv besser als etwas \u201aGruseliges\u2018?<\/p>\n\n\n\n<figure class=\"wp-block-image size-large\"><img loading=\"lazy\" decoding=\"async\" width=\"1024\" height=\"768\" src=\"https:\/\/immuniversitaet.de\/wp-content\/uploads\/2021\/06\/grafik-4-1024x768.png\" alt=\"\" class=\"wp-image-403\" srcset=\"https:\/\/immuniversitaet.de\/wp-content\/uploads\/2021\/06\/grafik-4-1024x768.png 1024w, https:\/\/immuniversitaet.de\/wp-content\/uploads\/2021\/06\/grafik-4-300x225.png 300w, https:\/\/immuniversitaet.de\/wp-content\/uploads\/2021\/06\/grafik-4-768x576.png 768w, https:\/\/immuniversitaet.de\/wp-content\/uploads\/2021\/06\/grafik-4-1536x1152.png 1536w, https:\/\/immuniversitaet.de\/wp-content\/uploads\/2021\/06\/grafik-4-2048x1536.png 2048w, https:\/\/immuniversitaet.de\/wp-content\/uploads\/2021\/06\/grafik-4-1200x900.png 1200w, https:\/\/immuniversitaet.de\/wp-content\/uploads\/2021\/06\/grafik-4-1980x1485.png 1980w\" sizes=\"auto, (max-width: 1024px) 100vw, 1024px\" \/><figcaption>private Aufnahme<\/figcaption><\/figure>\n\n\n\n<p>8. Schritt: Soweit so gut, hm? Mir waren die Kartenr\u00fcckseiten nur zu langweilig. Daher habe ich etwas Aquarellfarbe genommen und die Papierb\u00f6gen von hinten kreuz und quer bemalt. Was am Anfang noch komisch und wild aussieht, wirkt \u2013 wenn die Karten ausgeschnitten sind \u2013 minimalistisch. Achte nur darauf, dass du die Farbe nicht zu stark verd\u00fcnnst, damit sie nicht auf die Motive \u00fcbergeht.<\/p>\n\n\n\n<figure class=\"wp-block-image size-large\"><img loading=\"lazy\" decoding=\"async\" width=\"1024\" height=\"768\" src=\"https:\/\/immuniversitaet.de\/wp-content\/uploads\/2021\/06\/grafik-5-1024x768.png\" alt=\"\" class=\"wp-image-404\" srcset=\"https:\/\/immuniversitaet.de\/wp-content\/uploads\/2021\/06\/grafik-5-1024x768.png 1024w, https:\/\/immuniversitaet.de\/wp-content\/uploads\/2021\/06\/grafik-5-300x225.png 300w, https:\/\/immuniversitaet.de\/wp-content\/uploads\/2021\/06\/grafik-5-768x576.png 768w, https:\/\/immuniversitaet.de\/wp-content\/uploads\/2021\/06\/grafik-5-1536x1152.png 1536w, https:\/\/immuniversitaet.de\/wp-content\/uploads\/2021\/06\/grafik-5-2048x1536.png 2048w, https:\/\/immuniversitaet.de\/wp-content\/uploads\/2021\/06\/grafik-5-1200x900.png 1200w, https:\/\/immuniversitaet.de\/wp-content\/uploads\/2021\/06\/grafik-5-1980x1485.png 1980w\" sizes=\"auto, (max-width: 1024px) 100vw, 1024px\" \/><figcaption>private Aufnahme<\/figcaption><\/figure>\n\n\n\n<p>9. Schritt: Schneide nun einfach die Karten aus. Ich habe mich dazu entschieden, die Ecken abzurunden.<\/p>\n\n\n\n<p>Et voil\u00e0: Fertig ist das Kartenspiel!<\/p>\n\n\n\n<figure class=\"wp-block-image size-large\"><img loading=\"lazy\" decoding=\"async\" width=\"1024\" height=\"744\" src=\"https:\/\/immuniversitaet.de\/wp-content\/uploads\/2021\/06\/grafik-6-1024x744.png\" alt=\"\" class=\"wp-image-405\" srcset=\"https:\/\/immuniversitaet.de\/wp-content\/uploads\/2021\/06\/grafik-6-1024x744.png 1024w, https:\/\/immuniversitaet.de\/wp-content\/uploads\/2021\/06\/grafik-6-300x218.png 300w, https:\/\/immuniversitaet.de\/wp-content\/uploads\/2021\/06\/grafik-6-768x558.png 768w, https:\/\/immuniversitaet.de\/wp-content\/uploads\/2021\/06\/grafik-6-1536x1116.png 1536w, https:\/\/immuniversitaet.de\/wp-content\/uploads\/2021\/06\/grafik-6-1200x872.png 1200w, https:\/\/immuniversitaet.de\/wp-content\/uploads\/2021\/06\/grafik-6.png 1600w\" sizes=\"auto, (max-width: 1024px) 100vw, 1024px\" \/><figcaption>private Aufnahme<\/figcaption><\/figure>\n\n\n\n<p>Und, wie f\u00fchlst du dich? Ist es nicht sch\u00f6n, etwas zu schaffen und die Fr\u00fcchte der eigenen Arbeit im wahrsten Sinne des Wortes in den H\u00e4nden zu halten?<\/p>\n\n\n\n<hr class=\"wp-block-separator aligncenter\"\/>\n\n\n\n<figure class=\"wp-block-pullquote is-style-default\"><blockquote><p>&#8222;I am in fact, a hobbit in all but size.&#8220; &#8211; J.R.R. Tolkien.<br>Ich bin Leo, 24 Jahre alt und studiere Ethnologie.<\/p><cite>Leonie R.<\/cite><\/blockquote><\/figure>\n","protected":false},"excerpt":{"rendered":"<p>Moin! \u2018Kreatives Chaos\u2019 \u2013 das beschreibt irgendwie mein Leben in Zeiten von Corona. Wenn es mir nicht gut geht, dann habe ich das Bed\u00fcrfnis, das irgendwie rauszulassen und meine Energie in etwas Sch\u00f6pferisches zu stecken. Aber auch wenn ich gute Laune habe, die Sonne scheint und die V\u00f6gel zwitschern, ist mir manchmal danach, mir die [&hellip;]<\/p>\n","protected":false},"author":8,"featured_media":0,"parent":0,"menu_order":0,"comment_status":"closed","ping_status":"closed","template":"","meta":{"footnotes":""},"class_list":["post-407","page","type-page","status-publish","hentry"],"_links":{"self":[{"href":"https:\/\/immuniversitaet.de\/index.php\/wp-json\/wp\/v2\/pages\/407","targetHints":{"allow":["GET"]}}],"collection":[{"href":"https:\/\/immuniversitaet.de\/index.php\/wp-json\/wp\/v2\/pages"}],"about":[{"href":"https:\/\/immuniversitaet.de\/index.php\/wp-json\/wp\/v2\/types\/page"}],"author":[{"embeddable":true,"href":"https:\/\/immuniversitaet.de\/index.php\/wp-json\/wp\/v2\/users\/8"}],"replies":[{"embeddable":true,"href":"https:\/\/immuniversitaet.de\/index.php\/wp-json\/wp\/v2\/comments?post=407"}],"version-history":[{"count":25,"href":"https:\/\/immuniversitaet.de\/index.php\/wp-json\/wp\/v2\/pages\/407\/revisions"}],"predecessor-version":[{"id":1259,"href":"https:\/\/immuniversitaet.de\/index.php\/wp-json\/wp\/v2\/pages\/407\/revisions\/1259"}],"wp:attachment":[{"href":"https:\/\/immuniversitaet.de\/index.php\/wp-json\/wp\/v2\/media?parent=407"}],"curies":[{"name":"wp","href":"https:\/\/api.w.org\/{rel}","templated":true}]}}