{"id":42,"date":"2021-06-24T20:42:54","date_gmt":"2021-06-24T20:42:54","guid":{"rendered":"https:\/\/immuniversitaet.de\/?page_id=42"},"modified":"2021-06-25T00:57:14","modified_gmt":"2021-06-25T00:57:14","slug":"playlisting","status":"publish","type":"page","link":"https:\/\/immuniversitaet.de\/index.php\/playlisting\/","title":{"rendered":"Playlist Lounge"},"content":{"rendered":"\n<figure class=\"wp-block-image size-large is-style-default\"><img loading=\"lazy\" decoding=\"async\" width=\"1024\" height=\"683\" src=\"https:\/\/immuniversitaet.de\/wp-content\/uploads\/2021\/06\/spotify-edit-1024x683.png\" alt=\"\" class=\"wp-image-1200\" srcset=\"https:\/\/immuniversitaet.de\/wp-content\/uploads\/2021\/06\/spotify-edit-1024x683.png 1024w, https:\/\/immuniversitaet.de\/wp-content\/uploads\/2021\/06\/spotify-edit-300x200.png 300w, https:\/\/immuniversitaet.de\/wp-content\/uploads\/2021\/06\/spotify-edit-768x512.png 768w, https:\/\/immuniversitaet.de\/wp-content\/uploads\/2021\/06\/spotify-edit-1536x1024.png 1536w, https:\/\/immuniversitaet.de\/wp-content\/uploads\/2021\/06\/spotify-edit-2048x1365.png 2048w, https:\/\/immuniversitaet.de\/wp-content\/uploads\/2021\/06\/spotify-edit-1200x800.png 1200w, https:\/\/immuniversitaet.de\/wp-content\/uploads\/2021\/06\/spotify-edit-1980x1320.png 1980w\" sizes=\"auto, (max-width: 1024px) 100vw, 1024px\" \/><figcaption>Quelle: <a href=\"https:\/\/spotify_presse.prowly.com\/68832-spotify-lifestyle-bildernbsp\" data-type=\"URL\">Spotify Presse<\/a><\/figcaption><\/figure>\n\n\n\n<p>Willkommen in Deiner <strong>Digitalen Lounge<\/strong> &#8211; hier findest Du Musik, Musik und&#8230;Musik!<\/p>\n\n\n\n<p>Mithilfe von Kl\u00e4ngen, Sounds und Musik schaffen wir unsere eigene Welt, unseren eigenen individuellen Space abseits des Trubels. Vor allem im Kontext der Pandemie finden wir in der Musik genau das, was wir suchen und brauchen. <br>Wie wir dabei Musik h\u00f6ren ist so pers\u00f6nlich und so unfassbar facettenreich, wie wir selbst. Manche sch\u00e4tzen ihre Plattensammlung und legen ihre sorgf\u00e4ltig gesammelten Vinyls auf, andere entdecken \u00fcber Spotify o.\u00e4. gerne neue Songs zum Streamen oder lassen der Nostalgie freien Lauf. Manche drehen ihre Stereoanlage auf, andere schw\u00f6ren auf ihre Kopfh\u00f6rer, um alles um sich herum auszublenden.<\/p>\n\n\n\n<p>Du m\u00f6chtest dein gew\u00f6hnliches Wohnzimmer in eine <strong>musikalische Lounge<\/strong> verwandeln? Neue Musik entdecken und dabei den Stress Stress sein lassen?<\/p>\n\n\n\n<p>Wie auch immer Du am liebsten Musik h\u00f6rst &#8211; hier findest Du eine Auswahl kuratierter Playlists f\u00fcr Deine eigene <strong>Lounge<\/strong>. Mach es Dir gem\u00fctlich und klick Dich durch!<\/p>\n\n\n\n<figure class=\"wp-block-image size-large is-style-default\"><a href=\"https:\/\/spotify_presse.prowly.com\/68832-spotify-lifestyle-bildernbsp\"><img loading=\"lazy\" decoding=\"async\" width=\"1024\" height=\"576\" src=\"https:\/\/immuniversitaet.de\/wp-content\/uploads\/2021\/06\/coffee-edit2-1024x576.png\" alt=\"\" class=\"wp-image-1208\" srcset=\"https:\/\/immuniversitaet.de\/wp-content\/uploads\/2021\/06\/coffee-edit2-1024x576.png 1024w, https:\/\/immuniversitaet.de\/wp-content\/uploads\/2021\/06\/coffee-edit2-300x169.png 300w, https:\/\/immuniversitaet.de\/wp-content\/uploads\/2021\/06\/coffee-edit2-768x432.png 768w, https:\/\/immuniversitaet.de\/wp-content\/uploads\/2021\/06\/coffee-edit2-1200x675.png 1200w, https:\/\/immuniversitaet.de\/wp-content\/uploads\/2021\/06\/coffee-edit2.png 1280w\" sizes=\"auto, (max-width: 1024px) 100vw, 1024px\" \/><\/a><figcaption>Quelle: Spotify Presse<\/figcaption><\/figure>\n\n\n<blockquote>\n<p>Du brauchst ein wenig Motivation, damit es nach einer kurzen Pause auf dem kuscheligen Sofa weitergehen kann? Dann ist <strong>[on] nr.1<\/strong> genau das Richtige f\u00fcr Dich. Hier findest Du einen Mix aus Indie, Pop und Classics &#8211; all things upbeat.<\/p>\n<\/blockquote>\n\n\n<div class=\"wp-block-columns is-layout-flex wp-container-core-columns-is-layout-9d6595d7 wp-block-columns-is-layout-flex\">\n<div class=\"wp-block-column is-layout-flow wp-block-column-is-layout-flow\" style=\"flex-basis:100%\">\n<div class=\"wp-block-columns is-layout-flex wp-container-core-columns-is-layout-9d6595d7 wp-block-columns-is-layout-flex\">\n<div class=\"wp-block-column is-vertically-aligned-center is-layout-flow wp-block-column-is-layout-flow\" style=\"flex-basis:100%\">\n<div class=\"wp-block-columns is-layout-flex wp-container-core-columns-is-layout-9d6595d7 wp-block-columns-is-layout-flex\">\n<div class=\"wp-block-column is-layout-flow wp-block-column-is-layout-flow\" style=\"flex-basis:33.33%\">\n<figure class=\"wp-block-image size-large is-style-default\"><img loading=\"lazy\" decoding=\"async\" width=\"1024\" height=\"1024\" src=\"https:\/\/immuniversitaet.de\/wp-content\/uploads\/2021\/06\/on-nr.-1-cover-2-1024x1024.png\" alt=\"\" class=\"wp-image-1215\" srcset=\"https:\/\/immuniversitaet.de\/wp-content\/uploads\/2021\/06\/on-nr.-1-cover-2-1024x1024.png 1024w, https:\/\/immuniversitaet.de\/wp-content\/uploads\/2021\/06\/on-nr.-1-cover-2-300x300.png 300w, https:\/\/immuniversitaet.de\/wp-content\/uploads\/2021\/06\/on-nr.-1-cover-2-150x150.png 150w, https:\/\/immuniversitaet.de\/wp-content\/uploads\/2021\/06\/on-nr.-1-cover-2-768x768.png 768w, https:\/\/immuniversitaet.de\/wp-content\/uploads\/2021\/06\/on-nr.-1-cover-2.png 1150w\" sizes=\"auto, (max-width: 1024px) 100vw, 1024px\" \/><\/figure>\n<\/div>\n\n\n\n<div class=\"wp-block-column is-vertically-aligned-center is-layout-flow wp-block-column-is-layout-flow\" style=\"flex-basis:66.66%\">\n<figure class=\"wp-block-embed is-type-rich is-provider-spotify wp-block-embed-spotify wp-embed-aspect-21-9 wp-has-aspect-ratio\"><div class=\"wp-block-embed__wrapper\">\n<iframe title=\"Spotify Embed: [on] nr. 1\" style=\"border-radius: 12px\" width=\"100%\" height=\"352\" frameborder=\"0\" allowfullscreen allow=\"autoplay; clipboard-write; encrypted-media; fullscreen; picture-in-picture\" loading=\"lazy\" src=\"https:\/\/open.spotify.com\/embed\/playlist\/5rvAC9DWpWiBZrA9WUqVps?si=1a4a610179714c3b&#038;utm_source=oembed\"><\/iframe>\n<\/div><\/figure>\n<\/div>\n<\/div>\n<\/div>\n<\/div>\n<\/div>\n<\/div>\n\n\n<blockquote>\n<p>Du willst so richtig abschalten, aber komplette Stille ist Dir dann doch zu leise? Leise prasselnden Regen, entspanntes Meeresrauschen und atmosph\u00e4rische Kl\u00e4nge findest Du in <strong>[off] nr. 2<\/strong>.<\/p>\n<\/blockquote>\n\n\n<div class=\"wp-block-columns is-layout-flex wp-container-core-columns-is-layout-9d6595d7 wp-block-columns-is-layout-flex\">\n<div class=\"wp-block-column is-layout-flow wp-block-column-is-layout-flow\" style=\"flex-basis:33.33%\">\n<figure class=\"wp-block-image size-large is-style-default\"><img loading=\"lazy\" decoding=\"async\" width=\"1024\" height=\"1024\" src=\"https:\/\/immuniversitaet.de\/wp-content\/uploads\/2021\/06\/off-nr.-2-cover-1024x1024.png\" alt=\"\" class=\"wp-image-1217\" srcset=\"https:\/\/immuniversitaet.de\/wp-content\/uploads\/2021\/06\/off-nr.-2-cover-1024x1024.png 1024w, https:\/\/immuniversitaet.de\/wp-content\/uploads\/2021\/06\/off-nr.-2-cover-300x300.png 300w, https:\/\/immuniversitaet.de\/wp-content\/uploads\/2021\/06\/off-nr.-2-cover-150x150.png 150w, https:\/\/immuniversitaet.de\/wp-content\/uploads\/2021\/06\/off-nr.-2-cover-768x768.png 768w, https:\/\/immuniversitaet.de\/wp-content\/uploads\/2021\/06\/off-nr.-2-cover.png 1150w\" sizes=\"auto, (max-width: 1024px) 100vw, 1024px\" \/><\/figure>\n<\/div>\n\n\n\n<div class=\"wp-block-column is-layout-flow wp-block-column-is-layout-flow\" style=\"flex-basis:66.66%\">\n<figure class=\"wp-block-embed is-type-rich is-provider-spotify wp-block-embed-spotify wp-embed-aspect-21-9 wp-has-aspect-ratio\"><div class=\"wp-block-embed__wrapper\">\n<iframe title=\"Spotify Embed: [off] nr. 2\" style=\"border-radius: 12px\" width=\"100%\" height=\"352\" frameborder=\"0\" allowfullscreen allow=\"autoplay; clipboard-write; encrypted-media; fullscreen; picture-in-picture\" loading=\"lazy\" src=\"https:\/\/open.spotify.com\/embed\/playlist\/5BJUJA1JTXJ9snvv1V6hY2?si=0ae1a6ffbf82459c&#038;utm_source=oembed\"><\/iframe>\n<\/div><\/figure>\n<\/div>\n<\/div>\n\n\n<blockquote>\n<p>Du sehnst Dich nach Abwechslung, nach Meer, den Bergen, einer fremden Stadt? Du w\u00e4rst am liebsten gerade woanders? <br \/>In <strong>[esc] escape<\/strong> findest du eine Auswahl an Songs, die Dich an Deine Lieblingsorte reisen l\u00e4sst &#8211; ganz ohne Risiko.<\/p>\n<\/blockquote>\n\n\n<div class=\"wp-block-columns is-layout-flex wp-container-core-columns-is-layout-9d6595d7 wp-block-columns-is-layout-flex\">\n<div class=\"wp-block-column is-layout-flow wp-block-column-is-layout-flow\" style=\"flex-basis:33.33%\">\n<figure class=\"wp-block-image size-large is-style-default\"><img loading=\"lazy\" decoding=\"async\" width=\"1024\" height=\"1024\" src=\"https:\/\/immuniversitaet.de\/wp-content\/uploads\/2021\/06\/esc-escape-1024x1024.png\" alt=\"\" class=\"wp-image-1219\" srcset=\"https:\/\/immuniversitaet.de\/wp-content\/uploads\/2021\/06\/esc-escape-1024x1024.png 1024w, https:\/\/immuniversitaet.de\/wp-content\/uploads\/2021\/06\/esc-escape-300x300.png 300w, https:\/\/immuniversitaet.de\/wp-content\/uploads\/2021\/06\/esc-escape-150x150.png 150w, https:\/\/immuniversitaet.de\/wp-content\/uploads\/2021\/06\/esc-escape-768x768.png 768w, https:\/\/immuniversitaet.de\/wp-content\/uploads\/2021\/06\/esc-escape.png 1150w\" sizes=\"auto, (max-width: 1024px) 100vw, 1024px\" \/><\/figure>\n<\/div>\n\n\n\n<div class=\"wp-block-column is-layout-flow wp-block-column-is-layout-flow\" style=\"flex-basis:66.66%\">\n<figure class=\"wp-block-embed is-type-rich is-provider-spotify wp-block-embed-spotify wp-embed-aspect-21-9 wp-has-aspect-ratio\"><div class=\"wp-block-embed__wrapper\">\n<iframe title=\"Spotify Embed: [esc] escape\" style=\"border-radius: 12px\" width=\"100%\" height=\"352\" frameborder=\"0\" allowfullscreen allow=\"autoplay; clipboard-write; encrypted-media; fullscreen; picture-in-picture\" loading=\"lazy\" src=\"https:\/\/open.spotify.com\/embed\/playlist\/71AguA6L7BmmBaRFHItt4q?si=f749dc4eebcb473a&#038;utm_source=oembed\"><\/iframe>\n<\/div><\/figure>\n<\/div>\n<\/div>\n\n\n<p>Du m\u00f6chtest noch einen Schritt weiter gehen und Dich nur auf deine Umgebung und ihre Kl\u00e4nge konzentrieren? Dann schau gerne auf unserem <strong><a href=\"https:\/\/immuniversitaet.de\/index.php\/digital-comfort-zone-billotest\/\">Balkon<\/a> <\/strong>vorbei und lass Dich auf eine kleine Reise ein.<\/p>\n\n\n<hr class=\"wp-block-separator\"\/>\n\n\n\n<div class=\"wp-block-image is-style-rounded\"><figure class=\"aligncenter size-large is-resized\"><img decoding=\"async\" src=\"https:\/\/immuniversitaet.de\/wp-content\/uploads\/2021\/06\/portrait-michelle-hensse2-edited.jpg\" alt=\"\" class=\"wp-image-428\" width=\"284\" srcset=\"https:\/\/immuniversitaet.de\/wp-content\/uploads\/2021\/06\/portrait-michelle-hensse2-edited.jpg 700w, https:\/\/immuniversitaet.de\/wp-content\/uploads\/2021\/06\/portrait-michelle-hensse2-edited-300x300.jpg 300w, https:\/\/immuniversitaet.de\/wp-content\/uploads\/2021\/06\/portrait-michelle-hensse2-edited-150x150.jpg 150w\" sizes=\"(max-width: 700px) 100vw, 700px\" \/><\/figure><\/div>\n\n\n\n<figure class=\"wp-block-pullquote is-style-default\"><blockquote><p><strong><em>New Music Friday ist mein Lieblingstag<\/em><br><sup><sub>Masterstudentin der Systematischen Musikwissenschaft<\/sub><\/sup><\/strong><\/p><cite>Michelle Hen\u00dfe<\/cite><\/blockquote><\/figure>\n","protected":false},"excerpt":{"rendered":"<p>Willkommen in Deiner Digitalen Lounge &#8211; hier findest Du Musik, Musik und&#8230;Musik! Mithilfe von Kl\u00e4ngen, Sounds und Musik schaffen wir unsere eigene Welt, unseren eigenen individuellen Space abseits des Trubels. Vor allem im Kontext der Pandemie finden wir in der Musik genau das, was wir suchen und brauchen. Wie wir dabei Musik h\u00f6ren ist so [&hellip;]<\/p>\n","protected":false},"author":4,"featured_media":0,"parent":0,"menu_order":0,"comment_status":"closed","ping_status":"closed","template":"","meta":{"footnotes":""},"class_list":["post-42","page","type-page","status-publish","hentry"],"_links":{"self":[{"href":"https:\/\/immuniversitaet.de\/index.php\/wp-json\/wp\/v2\/pages\/42","targetHints":{"allow":["GET"]}}],"collection":[{"href":"https:\/\/immuniversitaet.de\/index.php\/wp-json\/wp\/v2\/pages"}],"about":[{"href":"https:\/\/immuniversitaet.de\/index.php\/wp-json\/wp\/v2\/types\/page"}],"author":[{"embeddable":true,"href":"https:\/\/immuniversitaet.de\/index.php\/wp-json\/wp\/v2\/users\/4"}],"replies":[{"embeddable":true,"href":"https:\/\/immuniversitaet.de\/index.php\/wp-json\/wp\/v2\/comments?post=42"}],"version-history":[{"count":16,"href":"https:\/\/immuniversitaet.de\/index.php\/wp-json\/wp\/v2\/pages\/42\/revisions"}],"predecessor-version":[{"id":1225,"href":"https:\/\/immuniversitaet.de\/index.php\/wp-json\/wp\/v2\/pages\/42\/revisions\/1225"}],"wp:attachment":[{"href":"https:\/\/immuniversitaet.de\/index.php\/wp-json\/wp\/v2\/media?parent=42"}],"curies":[{"name":"wp","href":"https:\/\/api.w.org\/{rel}","templated":true}]}}