{"id":45,"date":"2021-06-24T20:20:04","date_gmt":"2021-06-24T20:20:04","guid":{"rendered":"https:\/\/immuniversitaet.de\/?page_id=45"},"modified":"2021-06-25T10:28:15","modified_gmt":"2021-06-25T10:28:15","slug":"grenzen-setzen","status":"publish","type":"page","link":"https:\/\/immuniversitaet.de\/index.php\/grenzen-setzen\/","title":{"rendered":"Grenzen setzen"},"content":{"rendered":"\n<h3 class=\"wp-block-heading\">Wie du es auch zu Hause schaffst, endlich Feierabend zu machen<\/h3>\n\n\n\n<p>Moin. <br>Sch\u00f6n, dass du hier bist. Das zeigt mir, dass du entweder <strong>neugierig <\/strong>bist, oder tats\u00e4chlich Probleme damit hast, einfach mal <strong>abzuschalten<\/strong>. In beiden F\u00e4llen bist du herzlich willkommen.<\/p>\n\n\n\n<div class=\"wp-block-cover has-background-dim\"><img loading=\"lazy\" decoding=\"async\" width=\"2560\" height=\"1707\" class=\"wp-block-cover__image-background wp-image-980\" alt=\"\" src=\"https:\/\/immuniversitaet.de\/wp-content\/uploads\/2021\/06\/Schlafzimmer-1-scaled.jpg\" data-object-fit=\"cover\" srcset=\"https:\/\/immuniversitaet.de\/wp-content\/uploads\/2021\/06\/Schlafzimmer-1-scaled.jpg 2560w, https:\/\/immuniversitaet.de\/wp-content\/uploads\/2021\/06\/Schlafzimmer-1-300x200.jpg 300w, https:\/\/immuniversitaet.de\/wp-content\/uploads\/2021\/06\/Schlafzimmer-1-1024x683.jpg 1024w, https:\/\/immuniversitaet.de\/wp-content\/uploads\/2021\/06\/Schlafzimmer-1-768x512.jpg 768w, https:\/\/immuniversitaet.de\/wp-content\/uploads\/2021\/06\/Schlafzimmer-1-1536x1024.jpg 1536w, https:\/\/immuniversitaet.de\/wp-content\/uploads\/2021\/06\/Schlafzimmer-1-2048x1365.jpg 2048w, https:\/\/immuniversitaet.de\/wp-content\/uploads\/2021\/06\/Schlafzimmer-1-1200x800.jpg 1200w, https:\/\/immuniversitaet.de\/wp-content\/uploads\/2021\/06\/Schlafzimmer-1-1980x1320.jpg 1980w\" sizes=\"auto, (max-width: 2560px) 100vw, 2560px\" \/><div class=\"wp-block-cover__inner-container is-layout-flow wp-block-cover-is-layout-flow\">\n<p class=\"has-text-align-center has-large-font-size\">Mach\u00b4s dir bequem!<\/p>\n<\/div><\/div>\n\n\n\n<p>Zugegeben: Bis f\u00fcnf Minuten vor Beginn der Vorlesung liegen zu bleiben und mit ausgeschalteter Kamera w\u00e4hrend eines Meetings den Abwasch zu erledigen, kann ziemlich geil sein. Leider ist das Homeoffice und die Home-Uni Fluch und Segen zugleich. Denn wer st\u00e4ndig arbeiten <em><strong>kann<\/strong><\/em>, bekommt schnell das Gef\u00fchl, auch st\u00e4ndig arbeiten zu <strong><em>m\u00fcssen<\/em><\/strong>. <br>Es gibt aber einige Wege, um auch zu Hause Grenzen zu setzen und Feierabend zu machen.<\/p>\n\n\n\n<h4 class=\"wp-block-heading\">Finde das Home im Homeoffice<\/h4>\n\n\n\n<p>Jeder braucht einen Ausgleich zu Uni und Arbeit. Nicht nur, weil es sch\u00f6n ist, sondern auch, weil Motivation und Energie schnell den Bach runtergehen, wenn man Entspannung aus seinem Leben streicht. Darum ist der erste, wichtige Schritt in Richtung Feierabend das <strong>Mindset<\/strong>. <\/p>\n\n\n\n<blockquote class=\"wp-block-quote is-layout-flow wp-block-quote-is-layout-flow\"><p><strong>Selfcare ist kein Luxus, Selfcare ist eine Notwendigkeit.<\/strong><\/p><\/blockquote>\n\n\n\n<p>Auch wer den ganzen Tag die Wohnung nicht verlassen hat, verdient einen Feierabend.<\/p>\n\n\n\n<h4 class=\"wp-block-heading\">G<strong>\u00f6nn dir Pausen<\/strong><\/h4>\n\n\n\n<p>Es erstaunt mich immer wieder, wie viel schon Kleinigkeiten bringen. Nach jeder Vorlesung oder jedem Meeting einfach mal durchl\u00fcften, ein paar Schritte gehen und sich strecken kann Wunder wirken. Und nat\u00fcrlich die Klassiker: Gutes Essen und Sport. All diese Dinge sorgen ganz automatisch f\u00fcr Auszeiten, mehr Energie und weniger Stress. <\/p>\n\n\n\n<p><em>Wie w\u00e4re es jetzt gleich mit einer kleinen Pause?<\/em> <em>Kurz strecken, den Kiefer lockern, tief einatmen. Tut gut, oder?<\/em><\/p>\n\n\n\n<h4 class=\"wp-block-heading\"><strong>Unterscheide zwischen Entspannung und Ablenkung<\/strong><\/h4>\n\n\n\n<p>Stundenlang aufs Handy zu starren (been there, done that) ist nat\u00fcrlich kein vern\u00fcnftiger Freizeitausgleich. Wenn du einfach nur <em>abgelenkt <\/em>bist, wirst du dich nicht erholen. Es ist wichtig zu erkennen, ob du gerade Aufgaben vor dir herschiebst, oder dir wirklich selbst etwas <strong>Gutes <\/strong>tust. <\/p>\n\n\n\n<p>Frag dich immer wieder, was deine T\u00e4tigkeit dir bringt. Bringt sie dich im Job weiter? In der Uni? Ist sie gut f\u00fcr dich? Wenn alle Antworten &#8222;Nein&#8220; lauten, dann lass es. <\/p>\n\n\n\n<p>Mit dem Haustier knuddeln, die beste Freundin anrufen, das Lieblingsbuch weiterlesen &#8211; daf\u00fcr sollten wir uns mehr Zeit nehmen. Es sind die <em>sch\u00f6nen <\/em>Dinge sind, die guttun. Die <em>echten <\/em>Dinge. <\/p>\n\n\n\n<div class=\"wp-block-group alignwide\"><div class=\"wp-block-group__inner-container is-layout-flow wp-block-group-is-layout-flow\">\n<figure class=\"wp-block-image size-large\"><img loading=\"lazy\" decoding=\"async\" width=\"768\" height=\"1024\" src=\"https:\/\/immuniversitaet.de\/wp-content\/uploads\/2021\/06\/WhatsApp-Image-2021-06-24-at-19.11.39-768x1024.jpeg\" alt=\"\" class=\"wp-image-1024\" srcset=\"https:\/\/immuniversitaet.de\/wp-content\/uploads\/2021\/06\/WhatsApp-Image-2021-06-24-at-19.11.39-768x1024.jpeg 768w, https:\/\/immuniversitaet.de\/wp-content\/uploads\/2021\/06\/WhatsApp-Image-2021-06-24-at-19.11.39-225x300.jpeg 225w, https:\/\/immuniversitaet.de\/wp-content\/uploads\/2021\/06\/WhatsApp-Image-2021-06-24-at-19.11.39-1152x1536.jpeg 1152w, https:\/\/immuniversitaet.de\/wp-content\/uploads\/2021\/06\/WhatsApp-Image-2021-06-24-at-19.11.39.jpeg 1200w\" sizes=\"auto, (max-width: 768px) 100vw, 768px\" \/><figcaption>Gerade kein Haustier zur Hand? Kenne ich. Zum Gl\u00fcck sind die Katzen meiner besten Freundin gerade in der WG zu Besuch!  Schnurren ist einfach instant Entspannung&#8230;<\/figcaption><\/figure>\n\n\n\n<figure class=\"wp-block-audio\"><audio controls src=\"https:\/\/immuniversitaet.de\/wp-content\/uploads\/2021\/06\/Schnurren.mp3\"><\/audio><figcaption>Zum Knuddeln klicken!<\/figcaption><\/figure>\n<\/div><\/div>\n\n\n\n<h4 class=\"wp-block-heading\"><strong>Setz dich nicht unter Druck<\/strong><\/h4>\n\n\n\n<p>Fitness und Gesundheit sind wichtig, um zu funktionieren. Das hei\u00dft aber nicht, dass nur ein Full-Body-Workout, stundenlanges Kochen und eine 5-Stufen-Skincare-Routine es wert sind, Feierabend genannt zu werden. <\/p>\n\n\n\n<p>Wenn du dich auf eine Serie total freust und die Pizza dazu richtig genie\u00dft, dann kann auch ein Serienmarathon Selfcare sein. Es geht um das <em>Gef\u00fchl<\/em><strong> <\/strong>dabei. Wenn du etwas <strong>richtig gerne<\/strong> machst, go for it! <br>G\u00f6nne dir deine Freizeit <strong>bewusst<\/strong> und ohne schlechtes Gewissen. <br>Denn schlimmer als ein Tag mit Stress, ist ein Feierabend mit <em>Freizeitstress<\/em>.<\/p>\n\n\n\n<figure class=\"wp-block-image\"><img loading=\"lazy\" decoding=\"async\" width=\"1024\" height=\"666\" src=\"https:\/\/immuniversitaet.de\/wp-content\/uploads\/2021\/06\/Freizeitstress-kleiner-1024x666.png\" alt=\"\" class=\"wp-image-351\" srcset=\"https:\/\/immuniversitaet.de\/wp-content\/uploads\/2021\/06\/Freizeitstress-kleiner-1024x666.png 1024w, https:\/\/immuniversitaet.de\/wp-content\/uploads\/2021\/06\/Freizeitstress-kleiner-300x195.png 300w, https:\/\/immuniversitaet.de\/wp-content\/uploads\/2021\/06\/Freizeitstress-kleiner-768x500.png 768w, https:\/\/immuniversitaet.de\/wp-content\/uploads\/2021\/06\/Freizeitstress-kleiner-1536x1000.png 1536w, https:\/\/immuniversitaet.de\/wp-content\/uploads\/2021\/06\/Freizeitstress-kleiner-1200x781.png 1200w, https:\/\/immuniversitaet.de\/wp-content\/uploads\/2021\/06\/Freizeitstress-kleiner-1980x1289.png 1980w, https:\/\/immuniversitaet.de\/wp-content\/uploads\/2021\/06\/Freizeitstress-kleiner.png 1999w\" sizes=\"auto, (max-width: 1024px) 100vw, 1024px\" \/><\/figure>\n\n\n\n<p>Selbstverst\u00e4ndlich ist es erstrebenswert, ein Hobby leidenschaftlich gern zu verfolgen und sich auch im Feierabend voll reinzuh\u00e4ngen. Aber die <em>Motivation <\/em>dazu sollte aus dir selbst heraus entstehen und nicht durch Druck von au\u00dfen. Du wei\u00dft am besten, was dir guttut.<\/p>\n\n\n\n<h4 class=\"wp-block-heading\"><strong>Plane Freizeit mit ein<\/strong> und setze Priorit\u00e4ten<\/h4>\n\n\n\n<p>Genug zur Theorie, es wird Zeit f\u00fcr ein paar konkrete Tipps. <\/p>\n\n\n\n<p>Dass eine <strong>Tagesstruktur <\/strong>helfen kann, im Homeoffice besser zurecht zu kommen, ist kein Geheimnis. Aber wie geht man das am besten an? <\/p>\n\n\n\n<p>Mein wohl meistbegangener Fehler im Lockdown war, meine To-Do-Listen f\u00fcr den Tag so zu schreiben, als ob mir die kompletten 24 Stunden daf\u00fcr zur Verf\u00fcgung st\u00fcnden. Ich versuchte alles abzuarbeiten und dachte bei meiner Planung gar nicht daran, mir auch Zeit f\u00fcr den <em>Feierabend <\/em>zu nehmen. <br>Da ich &#8222;ja eh den ganzen Tag zu Hause sitze&#8220;, habe ich die Pausen schlichtweg gestrichen. <em>Keine gute Idee. <\/em><\/p>\n\n\n\n<p>Deswegen bin ich von der To-Do-Liste zum <strong>Tagesplaner <\/strong>umgestiegen. <\/p>\n\n\n\n<figure class=\"wp-block-image size-large is-resized\"><img loading=\"lazy\" decoding=\"async\" src=\"https:\/\/immuniversitaet.de\/wp-content\/uploads\/2021\/06\/Hell-Lila-Allgemein-Tagesplaner-2-683x1024.png\" alt=\"\" class=\"wp-image-994\" width=\"382\" height=\"572\" srcset=\"https:\/\/immuniversitaet.de\/wp-content\/uploads\/2021\/06\/Hell-Lila-Allgemein-Tagesplaner-2-683x1024.png 683w, https:\/\/immuniversitaet.de\/wp-content\/uploads\/2021\/06\/Hell-Lila-Allgemein-Tagesplaner-2-200x300.png 200w, https:\/\/immuniversitaet.de\/wp-content\/uploads\/2021\/06\/Hell-Lila-Allgemein-Tagesplaner-2-768x1152.png 768w, https:\/\/immuniversitaet.de\/wp-content\/uploads\/2021\/06\/Hell-Lila-Allgemein-Tagesplaner-2.png 800w\" sizes=\"auto, (max-width: 382px) 100vw, 382px\" \/><figcaption>So sieht mein Tagesplaner aus. Du kannst ihn gern als Vorlage nutzen.<\/figcaption><\/figure>\n\n\n\n<p>Ich schreibe mir immer noch auf, was ich zu tun habe, teile es mir aber auf den Tag auf und setze <em>Priorit\u00e4ten<\/em>. <br><strong>Denn sind wir mal ganz ehrlich: Es gibt immer etwas zu tun.<\/strong> <br>Man kann immer noch einen Zusatztext lesen, hat immer noch eine Aufgabe auf dem Schreibtisch und k\u00f6nnte immer noch mehr machen. Die Kunst ist also, die <strong>wichtigen <\/strong>von den <strong>optionalen <\/strong>To-Dos zu unterscheiden. <\/p>\n\n\n\n<p>Am besten gehst du folgenderma\u00dfen vor:<\/p>\n\n\n\n<ul class=\"wp-block-list\"><li><strong>Plane deinen Tag am Abend davor.<\/strong> So vergisst du nichts, kannst entspannt schlafen gehen und am n\u00e4chsten Morgen strukturiert in den Tag starten.<\/li><li><strong>Setze dir <em>ein <\/em>Ziel f\u00fcr den Tag.<\/strong> Was m\u00f6chtest du abends erledigt haben? Such dir die allerwichtigste Aufgabe raus und mache sie zur Priorit\u00e4t. <\/li><li><strong>Lege einen Zeitraum fest. <\/strong>Um welche Uhrzeit willst du fertig sein? Setze dir ein Zeitlimit f\u00fcr deinen Tag und sorge daf\u00fcr, dass du danach wirklich nicht &#8222;nur nochmal kurz&#8220; weiterarbeitest.<\/li><li><strong>Eat that frog. <\/strong>Es macht keinen Spa\u00df, ich wei\u00df. Aber versuche dich direkt morgens an den <strong>anstrengendsten <\/strong>Teil zu setzen. So entkommst du der Prokrastination und f\u00fchlst dich den Rest des Tages viel besser! <em>(Und meistens sind die aufgeschobenen Aufgaben gar nicht so schlimm, wie du denkst)<\/em><\/li><li><strong>Plane Freizeit mit ein.<\/strong> Ob Workout, Wellness oder Hobby &#8211; auch der Feierabend geh\u00f6rt zur Tagesstruktur, also ab damit auf die To-Do-Liste!<\/li><\/ul>\n\n\n\n<p>Einigen hilft auch Journaling oder eine Art Dankbarkeits-Tagebuch, um sich ihrer Leistung bewusst zu werden. Sei stolz, auf alles, was du geschafft hast!<\/p>\n\n\n\n<h4 class=\"wp-block-heading\"><strong>Stell dir kleine &#8222;Fallen&#8220;<\/strong><\/h4>\n\n\n\n<p>Im Homeoffice lauern leider \u00fcberall <strong>Ablenkungen<\/strong>. Ein weiteres Problem ist, dass einen niemand <em>davon abh\u00e4lt<\/em>, diesen Ablenkungen <em>nachzugehen<\/em>. <\/p>\n\n\n\n<p>Nat\u00fcrlich kann ich versuchen mit purer <strong>Willenskraft <\/strong>nicht auf mein Handy zu schauen und acht Stunden lang an nichts anderes, als die Arbeit zu denken. <br>Aber da war was mit diesem rosa Elefanten&#8230;.  <\/p>\n\n\n\n<figure class=\"wp-block-image size-large is-resized\"><img loading=\"lazy\" decoding=\"async\" src=\"https:\/\/immuniversitaet.de\/wp-content\/uploads\/2021\/06\/elephant-303409_1280-1024x743.png\" alt=\"\" class=\"wp-image-1063\" width=\"160\" height=\"116\" srcset=\"https:\/\/immuniversitaet.de\/wp-content\/uploads\/2021\/06\/elephant-303409_1280-1024x743.png 1024w, https:\/\/immuniversitaet.de\/wp-content\/uploads\/2021\/06\/elephant-303409_1280-300x218.png 300w, https:\/\/immuniversitaet.de\/wp-content\/uploads\/2021\/06\/elephant-303409_1280-768x557.png 768w, https:\/\/immuniversitaet.de\/wp-content\/uploads\/2021\/06\/elephant-303409_1280-1200x871.png 1200w, https:\/\/immuniversitaet.de\/wp-content\/uploads\/2021\/06\/elephant-303409_1280.png 1280w\" sizes=\"auto, (max-width: 160px) 100vw, 160px\" \/><figcaption><em>H\u00f6r auf an mich zu denken!<\/em><\/figcaption><\/figure>\n\n\n\n<p>Zum Gl\u00fcck k\u00f6nnen wir uns aber selbst <em>austricksen<\/em>. Der Klassiker des <em>erzwungenen Feierabends<\/em> ist die <strong>Verabredung<\/strong>. <\/p>\n\n\n\n<ul class=\"wp-block-list\"><li><strong>Verabrede dich zum Zeitpunkt deines geplanten Feierabends <\/strong>zum Spazieren, zum Telefonieren, f\u00fcr ein Zoom-Meeting oder f\u00fcr etwas anderes (Corona-konformes). Das hilft, Abstand zum Homeoffice zu bekommen und den Stift fallen zu lassen. <\/li><li><strong>Verabrede dich zum gemeinsamen Lernen oder Arbeiten.<\/strong> So rum gehts auch! In einem Zoom-Meeting kann auch jeder f\u00fcr sich arbeiten und lernen. Andere Menschen dabei zu sehen, kann richtig motivierend sein und eine gute Lern- oder Arbeitsatmosph\u00e4re schaffen! So kannst du deine Arbeitszeit besser von deiner Freizeit abgrenzen. <\/li><\/ul>\n\n\n\n<p>Es gibt aber noch andere M\u00f6glichkeiten, sich von zu viel Arbeit und Durcheinander zu distanzieren. Sich diese s\u00fc\u00dfen Katzen anzuschauen zum Beispiel.<\/p>\n\n\n\n<figure class=\"wp-block-gallery columns-2 is-cropped wp-block-gallery-1 is-layout-flex wp-block-gallery-is-layout-flex\"><ul class=\"blocks-gallery-grid\"><li class=\"blocks-gallery-item\"><figure><img loading=\"lazy\" decoding=\"async\" width=\"796\" height=\"1024\" src=\"https:\/\/immuniversitaet.de\/wp-content\/uploads\/2021\/06\/WhatsApp-Image-2021-06-24-at-19.13.30-796x1024.jpeg\" alt=\"\" data-id=\"1075\" data-full-url=\"https:\/\/immuniversitaet.de\/wp-content\/uploads\/2021\/06\/WhatsApp-Image-2021-06-24-at-19.13.30.jpeg\" data-link=\"https:\/\/immuniversitaet.de\/?attachment_id=1075\" class=\"wp-image-1075\" srcset=\"https:\/\/immuniversitaet.de\/wp-content\/uploads\/2021\/06\/WhatsApp-Image-2021-06-24-at-19.13.30-796x1024.jpeg 796w, https:\/\/immuniversitaet.de\/wp-content\/uploads\/2021\/06\/WhatsApp-Image-2021-06-24-at-19.13.30-233x300.jpeg 233w, https:\/\/immuniversitaet.de\/wp-content\/uploads\/2021\/06\/WhatsApp-Image-2021-06-24-at-19.13.30-768x989.jpeg 768w, https:\/\/immuniversitaet.de\/wp-content\/uploads\/2021\/06\/WhatsApp-Image-2021-06-24-at-19.13.30-1193x1536.jpeg 1193w, https:\/\/immuniversitaet.de\/wp-content\/uploads\/2021\/06\/WhatsApp-Image-2021-06-24-at-19.13.30-1200x1545.jpeg 1200w, https:\/\/immuniversitaet.de\/wp-content\/uploads\/2021\/06\/WhatsApp-Image-2021-06-24-at-19.13.30.jpeg 1243w\" sizes=\"auto, (max-width: 796px) 100vw, 796px\" \/><\/figure><\/li><li class=\"blocks-gallery-item\"><figure><img loading=\"lazy\" decoding=\"async\" width=\"768\" height=\"1024\" src=\"https:\/\/immuniversitaet.de\/wp-content\/uploads\/2021\/06\/WhatsApp-Image-2021-06-24-at-19.14.08-2-768x1024.jpeg\" alt=\"\" data-id=\"1076\" data-full-url=\"https:\/\/immuniversitaet.de\/wp-content\/uploads\/2021\/06\/WhatsApp-Image-2021-06-24-at-19.14.08-2.jpeg\" data-link=\"https:\/\/immuniversitaet.de\/?attachment_id=1076\" class=\"wp-image-1076\" srcset=\"https:\/\/immuniversitaet.de\/wp-content\/uploads\/2021\/06\/WhatsApp-Image-2021-06-24-at-19.14.08-2-768x1024.jpeg 768w, https:\/\/immuniversitaet.de\/wp-content\/uploads\/2021\/06\/WhatsApp-Image-2021-06-24-at-19.14.08-2-225x300.jpeg 225w, https:\/\/immuniversitaet.de\/wp-content\/uploads\/2021\/06\/WhatsApp-Image-2021-06-24-at-19.14.08-2-1152x1536.jpeg 1152w, https:\/\/immuniversitaet.de\/wp-content\/uploads\/2021\/06\/WhatsApp-Image-2021-06-24-at-19.14.08-2.jpeg 1200w\" sizes=\"auto, (max-width: 768px) 100vw, 768px\" \/><\/figure><\/li><\/ul><figcaption class=\"blocks-gallery-caption\">Von den beiden k\u00f6nnen wir uns in Sachen Entspannung noch einiges abgucken. <em>(Private Aufnahme)<\/em><\/figcaption><\/figure>\n\n\n\n<p>Hauskatzen k\u00f6nnen das, was wir oft nicht schaffen: Einfach daliegen und entspannen. Es gibt aber etwas, was dem ziemlich nahekommt: <strong>Meditation<\/strong>. Meditation kann dir helfen, dich auf das hier und jetzt zu konzentrieren und einfach mal abzuschalten. Im Netz (und sogar bei Netflix!) findet man mittlerweile viele gute Meditationsanleitungen.<\/p>\n\n\n\n<p><em>Dazu kannst du auch in unserer <a href=\"https:\/\/immuniversitaet.de\/index.php\/digital-comfort-zone-billotest\/\" data-type=\"page\" data-id=\"61\">Digital Comfortzone<\/a> vorbeischauen oder im Wohnzimmer <a href=\"https:\/\/immuniversitaet.de\/index.php\/sample-page\/stay-at-home-yoga-und-atemubungen\/\" data-type=\"page\" data-id=\"104\">Yoga <\/a>machen!<\/em><\/p>\n\n\n\n<p>Eine einfache und effektive Methode, um vom Bildschirm wegzukommen, ist, <strong>mit den H\u00e4nden zu arbeiten<\/strong>. T\u00f6pfern zum Beispiel macht Spa\u00df, lenkt ab und mit nassen H\u00e4nden l\u00e4sst es sich schwer ans Handy gehen. Au\u00dferdem tut es unglaublich gut, etwas mit den eigenen H\u00e4nden zu schaffen! In unserer <a href=\"https:\/\/immuniversitaet.de\/index.php\/creative-care-work-in-progress\/\" data-type=\"page\" data-id=\"407\">Kreativwerkstatt <\/a>findest du weitere Ideen. <\/p>\n\n\n\n<p><strong>Also: Schmei\u00df das Handy in die Ecke, mach was sch\u00f6nes und sei einfach mal nicht zu erreichen!<\/strong><\/p>\n\n\n\n<p>Oder bleib noch ein bisschen hier bei den Katzen.<\/p>\n\n\n\n<figure class=\"wp-block-image size-large is-resized\"><img loading=\"lazy\" decoding=\"async\" src=\"https:\/\/immuniversitaet.de\/wp-content\/uploads\/2021\/06\/WhatsApp-Image-2021-06-24-at-19.12.26-1024x768.jpeg\" alt=\"\" class=\"wp-image-1098\" width=\"548\" height=\"410\" srcset=\"https:\/\/immuniversitaet.de\/wp-content\/uploads\/2021\/06\/WhatsApp-Image-2021-06-24-at-19.12.26-1024x768.jpeg 1024w, https:\/\/immuniversitaet.de\/wp-content\/uploads\/2021\/06\/WhatsApp-Image-2021-06-24-at-19.12.26-300x225.jpeg 300w, https:\/\/immuniversitaet.de\/wp-content\/uploads\/2021\/06\/WhatsApp-Image-2021-06-24-at-19.12.26-768x576.jpeg 768w, https:\/\/immuniversitaet.de\/wp-content\/uploads\/2021\/06\/WhatsApp-Image-2021-06-24-at-19.12.26-1536x1152.jpeg 1536w, https:\/\/immuniversitaet.de\/wp-content\/uploads\/2021\/06\/WhatsApp-Image-2021-06-24-at-19.12.26-1200x900.jpeg 1200w, https:\/\/immuniversitaet.de\/wp-content\/uploads\/2021\/06\/WhatsApp-Image-2021-06-24-at-19.12.26.jpeg 1600w\" sizes=\"auto, (max-width: 548px) 100vw, 548px\" \/><figcaption><em>(Private Aufnahme)<\/em><\/figcaption><\/figure>\n\n\n\n<p>Sch\u00f6n, dass du da warst! <\/p>\n\n\n\n<div class=\"wp-block-image is-style-rounded\"><figure class=\"aligncenter size-large is-resized\"><img loading=\"lazy\" decoding=\"async\" src=\"https:\/\/immuniversitaet.de\/wp-content\/uploads\/2021\/06\/photo5231492143779000643-1.jpg\" alt=\"\" class=\"wp-image-1156\" width=\"189\" height=\"189\" srcset=\"https:\/\/immuniversitaet.de\/wp-content\/uploads\/2021\/06\/photo5231492143779000643-1.jpg 961w, https:\/\/immuniversitaet.de\/wp-content\/uploads\/2021\/06\/photo5231492143779000643-1-300x300.jpg 300w, https:\/\/immuniversitaet.de\/wp-content\/uploads\/2021\/06\/photo5231492143779000643-1-150x150.jpg 150w, https:\/\/immuniversitaet.de\/wp-content\/uploads\/2021\/06\/photo5231492143779000643-1-768x768.jpg 768w\" sizes=\"auto, (max-width: 189px) 100vw, 189px\" \/><\/figure><\/div>\n\n\n\n<figure class=\"wp-block-pullquote\"><blockquote><p>Radiomensch, Tierfreundin und Kaffeeliebhaberin.<\/p><cite>Carolina Pfau<\/cite><\/blockquote><\/figure>\n","protected":false},"excerpt":{"rendered":"<p>Wie du es auch zu Hause schaffst, endlich Feierabend zu machen Moin. Sch\u00f6n, dass du hier bist. Das zeigt mir, dass du entweder neugierig bist, oder tats\u00e4chlich Probleme damit hast, einfach mal abzuschalten. In beiden F\u00e4llen bist du herzlich willkommen. Zugegeben: Bis f\u00fcnf Minuten vor Beginn der Vorlesung liegen zu bleiben und mit ausgeschalteter Kamera [&hellip;]<\/p>\n","protected":false},"author":7,"featured_media":0,"parent":0,"menu_order":0,"comment_status":"closed","ping_status":"closed","template":"","meta":{"footnotes":""},"class_list":["post-45","page","type-page","status-publish","hentry"],"_links":{"self":[{"href":"https:\/\/immuniversitaet.de\/index.php\/wp-json\/wp\/v2\/pages\/45","targetHints":{"allow":["GET"]}}],"collection":[{"href":"https:\/\/immuniversitaet.de\/index.php\/wp-json\/wp\/v2\/pages"}],"about":[{"href":"https:\/\/immuniversitaet.de\/index.php\/wp-json\/wp\/v2\/types\/page"}],"author":[{"embeddable":true,"href":"https:\/\/immuniversitaet.de\/index.php\/wp-json\/wp\/v2\/users\/7"}],"replies":[{"embeddable":true,"href":"https:\/\/immuniversitaet.de\/index.php\/wp-json\/wp\/v2\/comments?post=45"}],"version-history":[{"count":153,"href":"https:\/\/immuniversitaet.de\/index.php\/wp-json\/wp\/v2\/pages\/45\/revisions"}],"predecessor-version":[{"id":1264,"href":"https:\/\/immuniversitaet.de\/index.php\/wp-json\/wp\/v2\/pages\/45\/revisions\/1264"}],"wp:attachment":[{"href":"https:\/\/immuniversitaet.de\/index.php\/wp-json\/wp\/v2\/media?parent=45"}],"curies":[{"name":"wp","href":"https:\/\/api.w.org\/{rel}","templated":true}]}}