{"id":49,"date":"2021-05-20T18:34:06","date_gmt":"2021-05-20T18:34:06","guid":{"rendered":"https:\/\/immuniversitaet.de\/?page_id=49"},"modified":"2021-06-25T13:01:17","modified_gmt":"2021-06-25T13:01:17","slug":"49-2","status":"publish","type":"page","link":"https:\/\/immuniversitaet.de\/index.php\/49-2\/","title":{"rendered":"Den Arbeitsplatz f\u00fcr mehr Produktivit\u00e4t einrichten"},"content":{"rendered":"\n<p>Seit M\u00e4rz 2020 kennen die meisten von uns es nicht anders: Vieles in unserem Alltag findet nur noch digital statt. Vom Studium \u00fcber die Arbeit bis hin zur Chorprobe oder dem Treffen mit den besten Freund*innen und der Familie. An sich ist die Digitalisierung unseres Alltags nichts Neues, vor allem, wenn ihr, wie ich, in den 1980ern oder sp\u00e4ter geboren wurdet. Und das vergangene Jahr hat diese Entwicklung nur beschleunigt. Doch auch ich, ein&nbsp;<em>Digital Native<\/em>, stand mit dem digitalen Studium vor einer neuen Herausforderung. Pl\u00f6tzlich war Studieren und Arbeiten ganz anders. Fr\u00fcher habe ich mich viel auf dem Campus bewegt, bin von einem Geb\u00e4ude ins n\u00e4chste spaziert, vom Philosophenturm in den \u00dcberseering in die Mensa. Das war auf einmal nicht mehr m\u00f6glich. Auch die Bib als Arbeitszimmer meiner Wahl war nicht mehr da, von den fehlenden spontanen Interaktionen ganz zu Schweigen.<\/p>\n\n\n\n<p>Im Homeoffice dagegen ist man von Seminar, Arbeitsmeeting, Hausarbeit, Netflix und Videokonferenz mit der Familie meist nur einen Klick entfernt. Mein Schreibtisch wurde dabei zur meistfrequentierten Ecke meiner Wohnung. Julia hat in <a href=\"https:\/\/immuniversitaet.de\/index.php\/arbeitszimmer\/home-uni-office\/\" data-type=\"page\" data-id=\"24\">ihrem Beitrag<\/a> Interessantes dazu geschrieben, schaut mal rein!<\/p>\n\n\n\n<p>Doch ich merkte schnell, dass diese Ecke gleichzeitig auch am meisten von mir vernachl\u00e4ssigt wird, was sich sowohl auf meine Produktivit\u00e4t als auch auf meine Gesundheit ausgewirkt hat.<br>In diesem Beitrag m\u00f6chte ich euch ein paar Tipps geben, wie ihr durch eine konsequentere Einrichtung eures Arbeitsplatzes zuhause produktiver und ges\u00fcnder lernen und arbeiten k\u00f6nnt.<\/p>\n\n\n\n<h2 class=\"wp-block-heading\">Schreibtisch<\/h2>\n\n\n\n<div class=\"wp-block-image\"><figure class=\"aligncenter size-large\"><img loading=\"lazy\" decoding=\"async\" width=\"1024\" height=\"1024\" src=\"https:\/\/immuniversitaet.de\/wp-content\/uploads\/2021\/06\/DSC00092-1024x1024.jpg\" alt=\"Schreibtisch\" class=\"wp-image-562\" srcset=\"https:\/\/immuniversitaet.de\/wp-content\/uploads\/2021\/06\/DSC00092-1024x1024.jpg 1024w, https:\/\/immuniversitaet.de\/wp-content\/uploads\/2021\/06\/DSC00092-300x300.jpg 300w, https:\/\/immuniversitaet.de\/wp-content\/uploads\/2021\/06\/DSC00092-150x150.jpg 150w, https:\/\/immuniversitaet.de\/wp-content\/uploads\/2021\/06\/DSC00092-768x768.jpg 768w, https:\/\/immuniversitaet.de\/wp-content\/uploads\/2021\/06\/DSC00092-1536x1536.jpg 1536w, https:\/\/immuniversitaet.de\/wp-content\/uploads\/2021\/06\/DSC00092-2048x2048.jpg 2048w, https:\/\/immuniversitaet.de\/wp-content\/uploads\/2021\/06\/DSC00092-1200x1200.jpg 1200w, https:\/\/immuniversitaet.de\/wp-content\/uploads\/2021\/06\/DSC00092-1980x1980.jpg 1980w\" sizes=\"auto, (max-width: 1024px) 100vw, 1024px\" \/><figcaption>F\u00fcr meinen Schreibtisch habe ich um die 150\u20ac ausgegeben. Dieses Modell ist in Deutschland relativ &#8222;bekant&#8220; (hehe). (Private Aufnahme)<\/figcaption><\/figure><\/div>\n\n\n\n<p>Ein guter Schreibtisch ist sehr wichtig. Es gibt sie in vielen Gr\u00f6\u00dfen, Farben und f\u00fcr alle Budgets \u2013 schon ab 20\u20ac findet ihr einen einfachen, guten Schreibtisch. Doch wer sich mehr leisten kann, m\u00f6chte vielleicht ein Modell, das nice-to-have-Funktionen bereitstellt. Hier w\u00fcrde ich einen Schreibtisch empfehlen, der h\u00f6henverstellbar ist. Dann k\u00f6nnt ihr die H\u00f6he des Tisches so einstellen, dass ihr eine ergonomische Sitzposition erreicht. Das ist vor allem f\u00fcr gr\u00f6\u00dfere oder kleinere Menschen wichtig. Au\u00dferdem gibt es Stehtische, mit denen man, wie der Name schon verr\u00e4t, im Stehen arbeiten kann. Am besten probiert ihr unterschiedliche Tische einmal aus, um das ideale Modell f\u00fcr euch zu finden.<\/p>\n\n\n\n<h2 class=\"wp-block-heading\">B\u00fcrostuhl<\/h2>\n\n\n\n<div class=\"wp-block-image\"><figure class=\"aligncenter size-large\"><img loading=\"lazy\" decoding=\"async\" width=\"683\" height=\"1024\" src=\"https:\/\/immuniversitaet.de\/wp-content\/uploads\/2021\/06\/IMG_0361-683x1024.jpg\" alt=\"B\u00fcrostuhl\" class=\"wp-image-567\" srcset=\"https:\/\/immuniversitaet.de\/wp-content\/uploads\/2021\/06\/IMG_0361-683x1024.jpg 683w, https:\/\/immuniversitaet.de\/wp-content\/uploads\/2021\/06\/IMG_0361-200x300.jpg 200w, https:\/\/immuniversitaet.de\/wp-content\/uploads\/2021\/06\/IMG_0361-768x1152.jpg 768w, https:\/\/immuniversitaet.de\/wp-content\/uploads\/2021\/06\/IMG_0361-1024x1536.jpg 1024w, https:\/\/immuniversitaet.de\/wp-content\/uploads\/2021\/06\/IMG_0361-1365x2048.jpg 1365w, https:\/\/immuniversitaet.de\/wp-content\/uploads\/2021\/06\/IMG_0361-1200x1800.jpg 1200w, https:\/\/immuniversitaet.de\/wp-content\/uploads\/2021\/06\/IMG_0361-1980x2970.jpg 1980w, https:\/\/immuniversitaet.de\/wp-content\/uploads\/2021\/06\/IMG_0361-scaled.jpg 1707w\" sizes=\"auto, (max-width: 683px) 100vw, 683px\" \/><figcaption>&#8222;Du bist das Beste, was mir je passiert ist&#8230;&#8220; \u2013 eine Liebeserkl\u00e4rung von meinem R\u00fccken. (Private Aufnahme)<\/figcaption><\/figure><\/div>\n\n\n\n<p>Noch am Anfang der Pandemie waren mir B\u00fcrost\u00fchle egal, da sa\u00df ich beim Arbeiten immer auf einem K\u00fcchenstuhl. Vor allem die hohen Preise von B\u00fcrost\u00fchlen schreckten mich ab. Ich dachte, der K\u00fcchenstuhl reicht allemal. Und da habe ich mich deutlich geirrt: Das Arbeiten und Lernen auf dem K\u00fcchenstuhl war der gr\u00f6\u00dfte Fehler, den ich in den letzten Monaten gemacht habe. Wenn es anfangs nur Schmerzen am Hintern waren, hat sich das Ganze schnell zu ausgereiften R\u00fcckenschmerzen entwickelt. Aber seit ich auf meinem neuen B\u00fcrostuhl sitze, habe ich das Problem nicht mehr \u2013 und der muss nicht unbedingt teuer sein!<\/p>\n\n\n\n<p>Auch hier findet ihr schon ab 13\u20ac sehr g\u00fcnstige Varianten. Mein idealer Stuhl ist \u2013 wie mein Schreibtisch \u2013 auch h\u00f6henverstellbar. Au\u00dferdem achte ich darauf, dass die R\u00fcckenlehne relativ flexibel ist, damit ich nicht starr sitzen muss (ich schaukele permanent mit dem Stuhl hin und her, ich kann leider nicht anders). Auf dem B\u00fcrostuhl sitzt man am besten in aufrechter Position, die F\u00fc\u00dfe sollten den Boden problemlos erreichen k\u00f6nnen, dabei sind die Oberschenkel parallel zum Boden, die Knie bilden einen Winkel von 90\u00b0. St\u00fchle mit R\u00e4dern hinterlassen schnell Kratzer: Eine Unterlage aus Plastik oder ein Teppich schont euren Fu\u00dfboden.<\/p>\n\n\n\n<h2 class=\"wp-block-heading\">Notebookst\u00e4nder<\/h2>\n\n\n\n<div class=\"wp-block-image\"><figure class=\"aligncenter size-large\"><img loading=\"lazy\" decoding=\"async\" width=\"1024\" height=\"1024\" src=\"https:\/\/immuniversitaet.de\/wp-content\/uploads\/2021\/06\/IMG_0362-1024x1024.jpg\" alt=\"Notebook auf einem Notebookst\u00e4nder\" class=\"wp-image-568\" srcset=\"https:\/\/immuniversitaet.de\/wp-content\/uploads\/2021\/06\/IMG_0362-1024x1024.jpg 1024w, https:\/\/immuniversitaet.de\/wp-content\/uploads\/2021\/06\/IMG_0362-300x300.jpg 300w, https:\/\/immuniversitaet.de\/wp-content\/uploads\/2021\/06\/IMG_0362-150x150.jpg 150w, https:\/\/immuniversitaet.de\/wp-content\/uploads\/2021\/06\/IMG_0362-768x768.jpg 768w, https:\/\/immuniversitaet.de\/wp-content\/uploads\/2021\/06\/IMG_0362-1536x1536.jpg 1536w, https:\/\/immuniversitaet.de\/wp-content\/uploads\/2021\/06\/IMG_0362-2048x2048.jpg 2048w, https:\/\/immuniversitaet.de\/wp-content\/uploads\/2021\/06\/IMG_0362-1200x1200.jpg 1200w, https:\/\/immuniversitaet.de\/wp-content\/uploads\/2021\/06\/IMG_0362-1980x1980.jpg 1980w\" sizes=\"auto, (max-width: 1024px) 100vw, 1024px\" \/><figcaption>(Private Aufnahme)<\/figcaption><\/figure><\/div>\n\n\n\n<p>Fr\u00fcher hielt ich Notebookst\u00e4nder f\u00fcr \u00fcberfl\u00fcssig, ich wollte so wenig Kram wie m\u00f6glich auf meinem Schreibtisch herumliegen haben (Papierberge z\u00e4hlen nicht, ok?). Doch auf meinem Weg zu einer besseren Sitzposition merkte ich schnell: Vor einem Notebook (Laptop) sitzt man immer ganz krumm. Entweder streckt man den R\u00fccken durch und der Blick geht permanent nach unten auf den Bildschirm, was den Nacken ziemlich beanspruchen kann, oder man kr\u00fcmmt den R\u00fccken f\u00fcr einen halbwegs guten Blick auf den Screen umso mehr. F\u00fcr ungef\u00e4hr 10\u20ac habe ich online einen (auch h\u00f6henverstellbaren) Notebookst\u00e4nder gekauft. Er ist sehr klein, handlich und kann nach Bedarf zusammengeklappt werden. So kann ich ihn in seiner mitgelieferten Tragetasche \u00fcberallhin mitnehmen oder ihn einfach in einer Schublade verschwinden lassen.&nbsp;<\/p>\n\n\n\n<div class=\"wp-block-columns is-layout-flex wp-container-core-columns-is-layout-9d6595d7 wp-block-columns-is-layout-flex\">\n<div class=\"wp-block-column is-layout-flow wp-block-column-is-layout-flow\" style=\"flex-basis:100%\">\n<div class=\"wp-block-columns is-layout-flex wp-container-core-columns-is-layout-9d6595d7 wp-block-columns-is-layout-flex\">\n<div class=\"wp-block-column is-layout-flow wp-block-column-is-layout-flow\">\n<figure class=\"wp-block-image size-large\"><img loading=\"lazy\" decoding=\"async\" width=\"1024\" height=\"1024\" src=\"https:\/\/immuniversitaet.de\/wp-content\/uploads\/2021\/06\/IMG_0363-1024x1024.jpg\" alt=\"\" class=\"wp-image-571\" srcset=\"https:\/\/immuniversitaet.de\/wp-content\/uploads\/2021\/06\/IMG_0363-1024x1024.jpg 1024w, https:\/\/immuniversitaet.de\/wp-content\/uploads\/2021\/06\/IMG_0363-300x300.jpg 300w, https:\/\/immuniversitaet.de\/wp-content\/uploads\/2021\/06\/IMG_0363-150x150.jpg 150w, https:\/\/immuniversitaet.de\/wp-content\/uploads\/2021\/06\/IMG_0363-768x768.jpg 768w, https:\/\/immuniversitaet.de\/wp-content\/uploads\/2021\/06\/IMG_0363-1536x1536.jpg 1536w, https:\/\/immuniversitaet.de\/wp-content\/uploads\/2021\/06\/IMG_0363-2048x2048.jpg 2048w, https:\/\/immuniversitaet.de\/wp-content\/uploads\/2021\/06\/IMG_0363-1200x1200.jpg 1200w, https:\/\/immuniversitaet.de\/wp-content\/uploads\/2021\/06\/IMG_0363-1980x1980.jpg 1980w\" sizes=\"auto, (max-width: 1024px) 100vw, 1024px\" \/><figcaption>(Private Aufnahme)<\/figcaption><\/figure>\n<\/div>\n\n\n\n<div class=\"wp-block-column is-layout-flow wp-block-column-is-layout-flow\">\n<figure class=\"wp-block-image size-large\"><img loading=\"lazy\" decoding=\"async\" width=\"1024\" height=\"1024\" src=\"https:\/\/immuniversitaet.de\/wp-content\/uploads\/2021\/06\/IMG_0364-1024x1024.jpg\" alt=\"\" class=\"wp-image-573\" srcset=\"https:\/\/immuniversitaet.de\/wp-content\/uploads\/2021\/06\/IMG_0364-1024x1024.jpg 1024w, https:\/\/immuniversitaet.de\/wp-content\/uploads\/2021\/06\/IMG_0364-300x300.jpg 300w, https:\/\/immuniversitaet.de\/wp-content\/uploads\/2021\/06\/IMG_0364-150x150.jpg 150w, https:\/\/immuniversitaet.de\/wp-content\/uploads\/2021\/06\/IMG_0364-768x768.jpg 768w, https:\/\/immuniversitaet.de\/wp-content\/uploads\/2021\/06\/IMG_0364-1536x1536.jpg 1536w, https:\/\/immuniversitaet.de\/wp-content\/uploads\/2021\/06\/IMG_0364-2048x2048.jpg 2048w, https:\/\/immuniversitaet.de\/wp-content\/uploads\/2021\/06\/IMG_0364-1200x1200.jpg 1200w, https:\/\/immuniversitaet.de\/wp-content\/uploads\/2021\/06\/IMG_0364-1980x1980.jpg 1980w\" sizes=\"auto, (max-width: 1024px) 100vw, 1024px\" \/><\/figure>\n<\/div>\n<\/div>\n<\/div>\n<\/div>\n\n\n\n<p>Auch B\u00fccher oder andere Gegenst\u00e4nde erf\u00fcllen den Zweck. Das Ziel ist es, den Bildschirm so hoch einzustellen, dass man beim Tippen oder Lesen m\u00f6glichst geradeaus schauen kann. Die Blickrichtung sollte  eine parallele Linie zum Computer bilden. Euer Nacken wird es euch danken.&nbsp;<\/p>\n\n\n\n<h2 class=\"wp-block-heading\">Externe Maus und Tastatur<\/h2>\n\n\n\n<div class=\"wp-block-image\"><figure class=\"aligncenter size-large\"><img loading=\"lazy\" decoding=\"async\" width=\"1024\" height=\"683\" src=\"https:\/\/immuniversitaet.de\/wp-content\/uploads\/2021\/06\/IMG_0365-1024x683.jpg\" alt=\"\" class=\"wp-image-575\" srcset=\"https:\/\/immuniversitaet.de\/wp-content\/uploads\/2021\/06\/IMG_0365-1024x683.jpg 1024w, https:\/\/immuniversitaet.de\/wp-content\/uploads\/2021\/06\/IMG_0365-300x200.jpg 300w, https:\/\/immuniversitaet.de\/wp-content\/uploads\/2021\/06\/IMG_0365-768x512.jpg 768w, https:\/\/immuniversitaet.de\/wp-content\/uploads\/2021\/06\/IMG_0365-1536x1024.jpg 1536w, https:\/\/immuniversitaet.de\/wp-content\/uploads\/2021\/06\/IMG_0365-2048x1365.jpg 2048w, https:\/\/immuniversitaet.de\/wp-content\/uploads\/2021\/06\/IMG_0365-1200x800.jpg 1200w, https:\/\/immuniversitaet.de\/wp-content\/uploads\/2021\/06\/IMG_0365-1980x1320.jpg 1980w\" sizes=\"auto, (max-width: 1024px) 100vw, 1024px\" \/><figcaption>Ich bevorzuge Bluetooth-Ger\u00e4te, um das Chaos auf meinem Schreibtisch zu minimieren. (Private Aufnahme)<\/figcaption><\/figure><\/div>\n\n\n\n<p>F\u00fcr alle Notebook-Nutzer*innen mit erh\u00f6hten Bildschirmen (z.B. dank des Notebookst\u00e4nders) sind eine externe Tastatur und Maus notwendige Erg\u00e4nzungen. Auf diese Weise wird die Bedienung eures Notebooks leichter und ihr k\u00f6nnt sitzen, ohne Schultern und Nacken zu sehr anzuspannen. Einsteigermodelle gibt es bereits f\u00fcr unter 10\u20ac. F\u00fcr ca. 25\u20ac bekommt ihr Tastatur und Maus einer bekannten Marke als Combo.<\/p>\n\n\n\n<p>Da die Auswahl an Computer-M\u00e4usen und Tastaturen ziemlich vielf\u00e4ltig ist, lohnt es sich, vor dem Kauf zu \u00fcberlegen, wie und wo du sie benutzen m\u00f6chtest: Wirst du sie eher zu Hause benutzen oder brauchst du sie auch zum Mitnehmen? Kabellose M\u00e4use und Tastaturen findet ihr in allen Preisklassen, inkl. tragbarer bzw. faltbarer Varianten mit integriertem Trackpad (falls ihr auch unterwegs von den Vorteilen profitieren m\u00f6chtet). Auch eine Hintergrundbeleuchtung kann sch\u00f6n sein (habt ihr schon die Tastatur mit Regenbogenbeleuchtung gesehen?), ist aber kein Muss, wenn ihr sowieso eine Lampe auf dem Tisch stehen habt. Kabelgebundene Tastaturen bzw. M\u00e4use sind in der Regel g\u00fcnstiger als kabellose, der Preisunterschied ist jedoch nicht riesig.<\/p>\n\n\n\n<h2 class=\"wp-block-heading\">Extras: Externer Monitor<\/h2>\n\n\n\n<div class=\"wp-block-image\"><figure class=\"aligncenter size-large\"><img loading=\"lazy\" decoding=\"async\" width=\"1024\" height=\"683\" src=\"https:\/\/immuniversitaet.de\/wp-content\/uploads\/2021\/06\/IMG_0366-1024x683.jpg\" alt=\"\" class=\"wp-image-579\" srcset=\"https:\/\/immuniversitaet.de\/wp-content\/uploads\/2021\/06\/IMG_0366-1024x683.jpg 1024w, https:\/\/immuniversitaet.de\/wp-content\/uploads\/2021\/06\/IMG_0366-300x200.jpg 300w, https:\/\/immuniversitaet.de\/wp-content\/uploads\/2021\/06\/IMG_0366-768x512.jpg 768w, https:\/\/immuniversitaet.de\/wp-content\/uploads\/2021\/06\/IMG_0366-1536x1024.jpg 1536w, https:\/\/immuniversitaet.de\/wp-content\/uploads\/2021\/06\/IMG_0366-2048x1365.jpg 2048w, https:\/\/immuniversitaet.de\/wp-content\/uploads\/2021\/06\/IMG_0366-1200x800.jpg 1200w, https:\/\/immuniversitaet.de\/wp-content\/uploads\/2021\/06\/IMG_0366-1980x1320.jpg 1980w\" sizes=\"auto, (max-width: 1024px) 100vw, 1024px\" \/><figcaption>Mehrere Fenster offen haben, ohne, dass alle zu klein sind \u2013 mehr ist mehr. <br>(Private Aufnahme)<\/figcaption><\/figure><\/div>\n\n\n\n<p>Durch meinen Studentenjob habe ich den Nutzen des doppelten Bildschirms entdeckt. Besonders wenn man mit zwei Programmen gleichzeitig arbeitet, wird es mit nur einem Bildschirm schnell anstrengend und unproduktiv. Entweder wechselt man zwischen den Anwendungen hin und her oder man teilt sie so auf, dass jedes Fenster zu klein ist. F\u00fcr das Homeoffice hat mich mein Arbeitgeber mit einem externen Monitor ausger\u00fcstet, den ich seitdem auch privat nutze. Und ich m\u00f6chte ihn nicht mehr missen. F\u00fcr einen Monitor muss man zwar ein bisschen tiefer in die Tasche greifen (die g\u00fcnstigsten fangen bei 100\u20ac an), doch sie sind, finde ich, jeden Cent wert. An ein Notebook angeschlossen bekommt ihr so einen zweiten Bildschirm. Den externen Monitor k\u00f6nnt ihr dann als Hauptbildschirm einstellen. Auf diese Weise k\u00f6nnt ihr z. B. beim Schreiben von Hausarbeiten euer Textbearbeitungsprogramm und eure Quellen\/ Literatur gleichzeitig \u00f6ffnen. Oder ihr k\u00f6nnt ein Video streamen, w\u00e4hrend ihr gleichzeitig zig Chatfenster offen habt (hehe). Das gr\u00f6\u00dfere Bild macht das Lernen bzw. Arbeiten \u00fcber einen l\u00e4ngeren Zeitraum ertr\u00e4glicher f\u00fcr die Augen. Die ergonomisch perfekte Sitzposition erreicht ihr mit einem externen Monitor, meiner Meinung nach, am besten.<\/p>\n\n\n\n<h2 class=\"wp-block-heading\">Extras: Tablet mit Eingabestift<\/h2>\n\n\n\n<div class=\"wp-block-image\"><figure class=\"aligncenter size-large\"><img loading=\"lazy\" decoding=\"async\" width=\"1024\" height=\"1024\" src=\"https:\/\/immuniversitaet.de\/wp-content\/uploads\/2021\/06\/IMG_0367-1024x1024.jpg\" alt=\"\" class=\"wp-image-584\" srcset=\"https:\/\/immuniversitaet.de\/wp-content\/uploads\/2021\/06\/IMG_0367-1024x1024.jpg 1024w, https:\/\/immuniversitaet.de\/wp-content\/uploads\/2021\/06\/IMG_0367-300x300.jpg 300w, https:\/\/immuniversitaet.de\/wp-content\/uploads\/2021\/06\/IMG_0367-150x150.jpg 150w, https:\/\/immuniversitaet.de\/wp-content\/uploads\/2021\/06\/IMG_0367-768x768.jpg 768w, https:\/\/immuniversitaet.de\/wp-content\/uploads\/2021\/06\/IMG_0367-1536x1536.jpg 1536w, https:\/\/immuniversitaet.de\/wp-content\/uploads\/2021\/06\/IMG_0367-2048x2048.jpg 2048w, https:\/\/immuniversitaet.de\/wp-content\/uploads\/2021\/06\/IMG_0367-1200x1200.jpg 1200w, https:\/\/immuniversitaet.de\/wp-content\/uploads\/2021\/06\/IMG_0367-1980x1980.jpg 1980w\" sizes=\"auto, (max-width: 1024px) 100vw, 1024px\" \/><figcaption>F\u00fcr jedes Seminar habe ich ein digitales Notizheft, das \u00fcber all meine Ger\u00e4te synchronisiert werden kann. Die App kann sogar meine Handschrift erkennen, sodass die Beitr\u00e4ge durchsuchbar sind (meistens&#8230; Die Technologie wird aber immer besser). (Private Aufnahme)<\/figcaption><\/figure><\/div>\n\n\n\n<p>Schon lange vor Beginn der Pandemie war ich ein Fan von Tablets. Auf meinem Tablet lese ich Zeitungen oder B\u00fccher in der U-Bahn, habe alle Texte und Folien samt Notizen f\u00fcr Seminare und Vorlesungen gespeichert und sogar ein digitales Notizbuch ist dabei. Inzwischen habe ich mir ein Ger\u00e4t mit Eingabestift zugelegt, sodass ich meine Notizen nicht l\u00e4nger nur mit der Tastatur eingeben muss, sondern auch auf PDFs und Folien herumkritzeln kann. Der Eingabestift erwies sich dieses Jahr als besonders n\u00fctzlich f\u00fcr mich: In Gruppenaufgaben, die pandemiebedingt \u00fcber Zoom oder MicrosoftTeams erledigt wurden, konnten meine Kommiliton*innen  und ich gemeinsam auf dem White Board zeichnen. Bei der Erstellung von Diagrammen oder der L\u00f6sung von Aufgaben mit griechischen Buchstaben \u2013 Algebraische Optimierung ;(  \u2013 hat der Eingabestift unsere Arbeit immens erleichtert. Viele Notiz-Apps unterst\u00fctzen mittlerweile diese Eingabestifte, die Notizen werden \u00fcber die Cloud auf allen Ger\u00e4ten synchronisiert und sind immer griff- und abrufbereit. Besonders gef\u00e4llt mir dabei die Suchfunktion. Damit kann ich meine Eintr\u00e4ge nach Begriffen durchsuchen, was bei der Vorbereitung auf Klausuren und beim Schreiben von Hausarbeiten hilft. Neben dem Notebook ist ein Tablet au\u00dferdem wie ein zweites Display, das man einfach mitnehmen kann.<\/p>\n\n\n\n<h2 class=\"wp-block-heading\">Extras: Pomodoro-Technik<\/h2>\n\n\n\n<p>Die Pomodoro-Technik ist zwar kein Gadget, aber sie hat mein Leben die letzten beiden Jahre mehrfach gerettet. Mit dieser Technik teilt man beim Lernen oder Arbeiten die Zeit in kurze Einheiten auf, um besser konzentriert zu bleiben und Stress zu vermeiden, was letztlich die Produktivit\u00e4t steigert. Dabei werden sowohl Arbeits- als auch Pauseneinheiten ber\u00fccksichtigt.&nbsp;Diese Methode wurde in den 1980ern von dem Italiener Francesco Cirillo entwickelt, der die Zeit mit einer K\u00fcchenuhr in Tomatenform gestoppt hat (daher Pomodoro).<\/p>\n\n\n\n<p>Die Pomodoro-Technik funktioniert folgenderma\u00dfen: Ihr schreibt auf, was ihr alles innerhalb einer bestimmten Zeit erledigen wollt \u2013 einen Text exzerpieren, die Einleitung eurer Hausarbeit schreiben, eine besondere Aufgabe \u00fcben&#8230; Dann dreht ihr die K\u00fcchenuhr auf 25&nbsp;Minuten auf und arbeitet so lange an eurer Aufgabe, bis die Uhr klingelt. Anschlie\u00dfend macht ihr 5 Minuten Pause. Nach der vierten 25 + 5 Einheit kommt eine lange Pause, die 15 oder 20 Minuten lang sein kann. Sobald ihr eine Aufgabe von eurer Liste erledigt habt, k\u00f6nnt ihr sie abhaken.<\/p>\n\n\n\n<p>Diese Methode hilft mir besonders, wenn ich nicht richtig durchstarten kann. Anfangs zwinge ich mich dazu, die ersten 25 Minuten durchzuhalten und komme so langsam in einen Flow. Wenn ich besonders erfolgreich bin, sind selbst die 25 Minuten zu kurz. In diesen Lerneinheiten h\u00f6re ich immer \u201eLernmucke\u201c (<a href=\"https:\/\/immuniversitaet.de\/index.php\/playlisting\/\" data-type=\"page\" data-id=\"42\">Michelle<\/a> hat f\u00fcr uns coole Playlists kuratiert, h\u00f6rt rein!). In den Pausen versuche ich aufzustehen und in einen anderen Raum zu gehen, um richtig Abstand nehmen zu k\u00f6nnen und kurz abzuschalten. Gute Ideen, wie ihr in euren Pausen und nach Feierabend richtig abschalten k\u00f6nnt, haben <a href=\"https:\/\/immuniversitaet.de\/index.php\/sample-page\/stay-at-home-yoga-und-atemubungen\/\" data-type=\"page\" data-id=\"104\">Olivia<\/a>, <a href=\"https:\/\/immuniversitaet.de\/index.php\/grenzen-setzen\/\" data-type=\"page\" data-id=\"45\">Carolina<\/a>, <a href=\"https:\/\/immuniversitaet.de\/index.php\/cooking-home\/\" data-type=\"page\" data-id=\"30\">Leonie M.<\/a>, <a href=\"https:\/\/immuniversitaet.de\/index.php\/digital-comfort-zone-billotest\/\" data-type=\"page\" data-id=\"61\">Sarah<\/a>, und <a href=\"https:\/\/immuniversitaet.de\/index.php\/creative-care-work-in-progress\/\" data-type=\"page\" data-id=\"407\">Leonie R.<\/a><\/p>\n\n\n\n<p>Die Zeit k\u00f6nnt ihr analog messen, es gibt aber auch zahlreiche Pomodoro-Tracker-Apps. Ich pers\u00f6nlich nutze eine Anwendung auf dem Browser, werde mir aber bald eine sch\u00f6ne, altmodische K\u00fcchenuhr zulegen. Mehr Infos findet ihr auf diesem <a rel=\"noreferrer noopener\" href=\"https:\/\/de.wikipedia.org\/wiki\/Pomodoro-Technik\" data-type=\"URL\" data-id=\"https:\/\/de.wikipedia.org\/wiki\/Pomodoro-Technik\" target=\"_blank\">Wikipedia-Beitrag<\/a>.<\/p>\n\n\n\n<hr class=\"wp-block-separator\"\/>\n\n\n\n<div class=\"wp-block-image is-style-rounded\"><figure class=\"aligncenter size-large is-resized\"><img loading=\"lazy\" decoding=\"async\" src=\"https:\/\/immuniversitaet.de\/wp-content\/uploads\/2021\/06\/IMG_1574-edited.jpg\" alt=\"ein Selfie von mir\" class=\"wp-image-426\" width=\"195\" height=\"195\" srcset=\"https:\/\/immuniversitaet.de\/wp-content\/uploads\/2021\/06\/IMG_1574-edited.jpg 2316w, https:\/\/immuniversitaet.de\/wp-content\/uploads\/2021\/06\/IMG_1574-edited-300x300.jpg 300w, https:\/\/immuniversitaet.de\/wp-content\/uploads\/2021\/06\/IMG_1574-edited-1024x1024.jpg 1024w, https:\/\/immuniversitaet.de\/wp-content\/uploads\/2021\/06\/IMG_1574-edited-150x150.jpg 150w, https:\/\/immuniversitaet.de\/wp-content\/uploads\/2021\/06\/IMG_1574-edited-768x768.jpg 768w, https:\/\/immuniversitaet.de\/wp-content\/uploads\/2021\/06\/IMG_1574-edited-1536x1536.jpg 1536w, https:\/\/immuniversitaet.de\/wp-content\/uploads\/2021\/06\/IMG_1574-edited-2048x2048.jpg 2048w, https:\/\/immuniversitaet.de\/wp-content\/uploads\/2021\/06\/IMG_1574-edited-1200x1201.jpg 1200w, https:\/\/immuniversitaet.de\/wp-content\/uploads\/2021\/06\/IMG_1574-edited-1980x1981.jpg 1980w\" sizes=\"auto, (max-width: 195px) 100vw, 195px\" \/><\/figure><\/div>\n\n\n\n<figure class=\"wp-block-pullquote alignwide\"><blockquote><p>Student der Hist. Musikwissenschaft und Informatik mit einem B.A. in Instrumentalmusik. Tech Nerd, Gamer, Geek. Rote Pandas sind s\u00fc\u00df.<\/p><cite>Jo\u00e3o A.<\/cite><\/blockquote><\/figure>\n\n\n\n<p><\/p>\n","protected":false},"excerpt":{"rendered":"<p>Seit M\u00e4rz 2020 kennen die meisten von uns es nicht anders: Vieles in unserem Alltag findet nur noch digital statt. Vom Studium \u00fcber die Arbeit bis hin zur Chorprobe oder dem Treffen mit den besten Freund*innen und der Familie. An sich ist die Digitalisierung unseres Alltags nichts Neues, vor allem, wenn ihr, wie ich, in [&hellip;]<\/p>\n","protected":false},"author":2,"featured_media":560,"parent":0,"menu_order":0,"comment_status":"closed","ping_status":"closed","template":"","meta":{"footnotes":""},"class_list":["post-49","page","type-page","status-publish","has-post-thumbnail","hentry"],"_links":{"self":[{"href":"https:\/\/immuniversitaet.de\/index.php\/wp-json\/wp\/v2\/pages\/49","targetHints":{"allow":["GET"]}}],"collection":[{"href":"https:\/\/immuniversitaet.de\/index.php\/wp-json\/wp\/v2\/pages"}],"about":[{"href":"https:\/\/immuniversitaet.de\/index.php\/wp-json\/wp\/v2\/types\/page"}],"author":[{"embeddable":true,"href":"https:\/\/immuniversitaet.de\/index.php\/wp-json\/wp\/v2\/users\/2"}],"replies":[{"embeddable":true,"href":"https:\/\/immuniversitaet.de\/index.php\/wp-json\/wp\/v2\/comments?post=49"}],"version-history":[{"count":169,"href":"https:\/\/immuniversitaet.de\/index.php\/wp-json\/wp\/v2\/pages\/49\/revisions"}],"predecessor-version":[{"id":1277,"href":"https:\/\/immuniversitaet.de\/index.php\/wp-json\/wp\/v2\/pages\/49\/revisions\/1277"}],"wp:featuredmedia":[{"embeddable":true,"href":"https:\/\/immuniversitaet.de\/index.php\/wp-json\/wp\/v2\/media\/560"}],"wp:attachment":[{"href":"https:\/\/immuniversitaet.de\/index.php\/wp-json\/wp\/v2\/media?parent=49"}],"curies":[{"name":"wp","href":"https:\/\/api.w.org\/{rel}","templated":true}]}}